{"id":98,"date":"2018-09-18T17:10:33","date_gmt":"2018-09-18T14:10:33","guid":{"rendered":"https:\/\/wds.ua\/\/?page_id=98"},"modified":"2026-04-16T01:57:38","modified_gmt":"2026-04-15T22:57:38","slug":"wds-8s","status":"publish","type":"page","link":"https:\/\/wds.ro\/ua\/window\/wds-8s\/","title":{"rendered":"\u0412\u0456\u043a\u043d\u0430 WDS 8S"},"content":{"rendered":"","protected":false},"excerpt":{"rendered":"","protected":false},"author":1,"featured_media":0,"parent":11,"menu_order":0,"comment_status":"closed","ping_status":"closed","template":"page-wds-8s.php","meta":{"footnotes":""},"class_list":["post-98","page","type-page","status-publish","hentry"],"yoast_head":"<!-- This site is optimized with the Yoast SEO plugin v24.8 - https:\/\/yoast.com\/wordpress\/plugins\/seo\/ -->\n<title>\u0412\u0456\u043a\u043d\u0430 WDS 8S | \u0412\u0456\u043a\u043d\u0430 WDS<\/title>\n<meta name=\"description\" content=\"\u0412\u0456\u043a\u043d\u0430 WDS 8S \u2013 \u0444\u043b\u0430\u0433\u043c\u0430\u043d \u0441\u0435\u0440\u0435\u0434 \u0441\u0438\u0441\u0442\u0435\u043c WDS. \u041d\u0430\u0439\u0432\u0438\u0449\u0438\u0439 \u0440\u0456\u0432\u0435\u043d\u044c \u0435\u043d\u0435\u0440\u0433\u043e\u0435\u0444\u0435\u043a\u0442\u0438\u0432\u043d\u043e\u0441\u0442\u0456 \u0442\u0430 \u0448\u0443\u043c\u043e\u0456\u0437\u043e\u043b\u044f\u0446\u0456\u0457 \u0434\u043b\u044f \u0432\u0430\u0448\u043e\u0457 \u043e\u0441\u0435\u043b\u0456. 6-\u043a\u0430\u043c\u0435\u0440\u043d\u0438\u0439 \u043f\u0440\u043e\u0444\u0456\u043b\u044c, \u0434\u0432\u043e\u043a\u0430\u043c\u0435\u0440\u043d\u0438\u0439 \u0435\u043d\u0435\u0440\u0433\u043e\u0437\u0431\u0435\u0440\u0456\u0433\u0430\u044e\u0447\u0438\u0439 \u0441\u043a\u043b\u043e\u043f\u0430\u043a\u0435\u0442, \u0448\u0438\u0440\u043e\u043a\u0438\u0439 \u0432\u0438\u0431\u0456\u0440 \u043b\u0430\u043c\u0456\u043d\u0430\u0446\u0456\u0457. \u0412\u0441\u0456 \u043f\u0435\u0440\u0435\u0432\u0430\u0433\u0438 \u0432\u0456\u043a\u043e\u043d WDS 8S \u043d\u0430 \u043e\u0444\u0456\u0446\u0456\u0439\u043d\u043e\u043c\u0443 \u0441\u0430\u0439\u0442\u0456 \u0431\u0440\u0435\u043d\u0434\u0443.\" \/>\n<meta name=\"robots\" content=\"index, follow, max-snippet:-1, max-image-preview:large, max-video-preview:-1\" \/>\n<link rel=\"canonical\" href=\"https:\/\/wds.ro\/window\/wds-8s\/\" \/>\n<meta property=\"og:locale\" content=\"uk_UA\" \/>\n<meta property=\"og:type\" content=\"article\" \/>\n<meta property=\"og:title\" content=\"\u0412\u0456\u043a\u043d\u0430 WDS 8S | \u0412\u0456\u043a\u043d\u0430 WDS\" \/>\n<meta property=\"og:description\" content=\"\u0412\u0456\u043a\u043d\u0430 WDS 8S \u2013 \u0444\u043b\u0430\u0433\u043c\u0430\u043d \u0441\u0435\u0440\u0435\u0434 \u0441\u0438\u0441\u0442\u0435\u043c WDS. \u041d\u0430\u0439\u0432\u0438\u0449\u0438\u0439 \u0440\u0456\u0432\u0435\u043d\u044c \u0435\u043d\u0435\u0440\u0433\u043e\u0435\u0444\u0435\u043a\u0442\u0438\u0432\u043d\u043e\u0441\u0442\u0456 \u0442\u0430 \u0448\u0443\u043c\u043e\u0456\u0437\u043e\u043b\u044f\u0446\u0456\u0457 \u0434\u043b\u044f \u0432\u0430\u0448\u043e\u0457 \u043e\u0441\u0435\u043b\u0456. 6-\u043a\u0430\u043c\u0435\u0440\u043d\u0438\u0439 \u043f\u0440\u043e\u0444\u0456\u043b\u044c, \u0434\u0432\u043e\u043a\u0430\u043c\u0435\u0440\u043d\u0438\u0439 \u0435\u043d\u0435\u0440\u0433\u043e\u0437\u0431\u0435\u0440\u0456\u0433\u0430\u044e\u0447\u0438\u0439 \u0441\u043a\u043b\u043e\u043f\u0430\u043a\u0435\u0442, \u0448\u0438\u0440\u043e\u043a\u0438\u0439 \u0432\u0438\u0431\u0456\u0440 \u043b\u0430\u043c\u0456\u043d\u0430\u0446\u0456\u0457. \u0412\u0441\u0456 \u043f\u0435\u0440\u0435\u0432\u0430\u0433\u0438 \u0432\u0456\u043a\u043e\u043d WDS 8S \u043d\u0430 \u043e\u0444\u0456\u0446\u0456\u0439\u043d\u043e\u043c\u0443 \u0441\u0430\u0439\u0442\u0456 \u0431\u0440\u0435\u043d\u0434\u0443.\" \/>\n<meta property=\"og:url\" content=\"https:\/\/wds.ro\/window\/wds-8s\/\" \/>\n<meta property=\"og:site_name\" content=\"\u0412\u0456\u043a\u043d\u0430 WDS\" \/>\n<meta property=\"article:publisher\" content=\"https:\/\/www.facebook.com\/WDS.UA\/\" \/>\n<meta property=\"article:modified_time\" content=\"2026-04-15T22:57:38+00:00\" \/>\n<meta name=\"twitter:card\" content=\"summary_large_image\" \/>\n<script type=\"application\/ld+json\" class=\"yoast-schema-graph\">{\"@context\":\"https:\/\/schema.org\",\"@graph\":[{\"@type\":\"WebPage\",\"@id\":\"https:\/\/wds.ro\/window\/wds-8s\/\",\"url\":\"https:\/\/wds.ro\/window\/wds-8s\/\",\"name\":\"[:ua]\u0412\u0456\u043a\u043d\u0430 WDS 8S | \u0412\u0456\u043a\u043d\u0430 WDS [:ro]Ferestre WDS 8S | \u0412\u0456\u043a\u043d\u0430 WDS [:en]Windows WDS 8S | \u0412\u0456\u043a\u043d\u0430 WDS [:]\",\"isPartOf\":{\"@id\":\"https:\/\/wds.ro\/#website\"},\"datePublished\":\"2018-09-18T14:10:33+00:00\",\"dateModified\":\"2026-04-15T22:57:38+00:00\",\"description\":\"{:ua}\u0412\u0456\u043a\u043d\u0430 WDS 8S \u2013 \u0444\u043b\u0430\u0433\u043c\u0430\u043d \u0441\u0435\u0440\u0435\u0434 \u0441\u0438\u0441\u0442\u0435\u043c WDS. \u041d\u0430\u0439\u0432\u0438\u0449\u0438\u0439 \u0440\u0456\u0432\u0435\u043d\u044c \u0435\u043d\u0435\u0440\u0433\u043e\u0435\u0444\u0435\u043a\u0442\u0438\u0432\u043d\u043e\u0441\u0442\u0456 \u0442\u0430 \u0448\u0443\u043c\u043e\u0456\u0437\u043e\u043b\u044f\u0446\u0456\u0457 \u0434\u043b\u044f \u0432\u0430\u0448\u043e\u0457 \u043e\u0441\u0435\u043b\u0456. 6-\u043a\u0430\u043c\u0435\u0440\u043d\u0438\u0439 \u043f\u0440\u043e\u0444\u0456\u043b\u044c, \u0434\u0432\u043e\u043a\u0430\u043c\u0435\u0440\u043d\u0438\u0439 \u0435\u043d\u0435\u0440\u0433\u043e\u0437\u0431\u0435\u0440\u0456\u0433\u0430\u044e\u0447\u0438\u0439 \u0441\u043a\u043b\u043e\u043f\u0430\u043a\u0435\u0442, \u0448\u0438\u0440\u043e\u043a\u0438\u0439 \u0432\u0438\u0431\u0456\u0440 \u043b\u0430\u043c\u0456\u043d\u0430\u0446\u0456\u0457. \u0412\u0441\u0456 \u043f\u0435\u0440\u0435\u0432\u0430\u0433\u0438 \u0432\u0456\u043a\u043e\u043d WDS 8S \u043d\u0430 \u043e\u0444\u0456\u0446\u0456\u0439\u043d\u043e\u043c\u0443 \u0441\u0430\u0439\u0442\u0456 \u0431\u0440\u0435\u043d\u0434\u0443.{:ro}Ferestrele WDS 8S sunt modelul emblematic printre sistemele WDS. Cel mai \u00eenalt nivel de eficien\u021b\u0103 energetic\u0103 \u0219i izolare fonic\u0103 pentru casa dumneavoastr\u0103. Profil cu 6 camere, fereastr\u0103 termopan cu dou\u0103 camere, economic\u0103 din punct de vedere energetic, o gam\u0103 larg\u0103 de laminare. Toate avantajele ferestrelor WDS 8S pe site-ul oficial al m\u0103rcii.{:en}WDS 8S windows are the flagship among WDS systems. The highest level of energy efficiency and noise insulation for your home. 6-chamber profile, two-chamber energy-saving double-glazed window, a wide choice of lamination. All the advantages of WDS 8S windows on the official website of the brand.{:}\",\"breadcrumb\":{\"@id\":\"https:\/\/wds.ro\/window\/wds-8s\/#breadcrumb\"},\"inLanguage\":\"uk\",\"potentialAction\":[{\"@type\":\"ReadAction\",\"target\":[\"https:\/\/wds.ro\/window\/wds-8s\/\"]}]},{\"@type\":\"BreadcrumbList\",\"@id\":\"https:\/\/wds.ro\/window\/wds-8s\/#breadcrumb\",\"itemListElement\":[{\"@type\":\"ListItem\",\"position\":1,\"name\":\"\u0413\u043e\u043b\u043e\u0432\u043d\u0430\",\"item\":\"https:\/\/wds.ro\/\"},{\"@type\":\"ListItem\",\"position\":2,\"name\":\"\u0412\u0456\u043a\u043d\u0430\",\"item\":\"https:\/\/wds.ro\/window\/\"},{\"@type\":\"ListItem\",\"position\":3,\"name\":\"\u0412\u0456\u043a\u043d\u0430 WDS 8S\"}]},{\"@type\":\"WebSite\",\"@id\":\"https:\/\/wds.ro\/#website\",\"url\":\"https:\/\/wds.ro\/\",\"name\":\"WDS Site\",\"description\":\"Official site\",\"publisher\":{\"@id\":\"https:\/\/wds.ro\/#organization\"},\"potentialAction\":[{\"@type\":\"SearchAction\",\"target\":{\"@type\":\"EntryPoint\",\"urlTemplate\":\"https:\/\/wds.ro\/?s={search_term_string}\"},\"query-input\":{\"@type\":\"PropertyValueSpecification\",\"valueRequired\":true,\"valueName\":\"search_term_string\"}}],\"inLanguage\":\"uk\"},{\"@type\":\"Organization\",\"@id\":\"https:\/\/wds.ro\/#organization\",\"name\":\"\u0412\u0456\u043a\u043d\u0430 WDS\",\"url\":\"https:\/\/wds.ro\/\",\"logo\":{\"@type\":\"ImageObject\",\"inLanguage\":\"uk\",\"@id\":\"https:\/\/wds.ro\/#\/schema\/logo\/image\/\",\"url\":\"https:\/\/wds.ro\/wp-content\/uploads\/2019\/10\/wds-logo.png\",\"contentUrl\":\"https:\/\/wds.ro\/wp-content\/uploads\/2019\/10\/wds-logo.png\",\"width\":103,\"height\":25,\"caption\":\"\u0412\u0456\u043a\u043d\u0430 WDS\"},\"image\":{\"@id\":\"https:\/\/wds.ro\/#\/schema\/logo\/image\/\"},\"sameAs\":[\"https:\/\/www.facebook.com\/WDS.UA\/\",\"https:\/\/youtube.com\/channel\/UCz8_fq9IcMvjXug_RM5m3dQ\/\"]}]}<\/script>\n<!-- \/ Yoast SEO plugin. -->","yoast_head_json":{"title":"\u0412\u0456\u043a\u043d\u0430 WDS 8S | \u0412\u0456\u043a\u043d\u0430 WDS","description":"\u0412\u0456\u043a\u043d\u0430 WDS 8S \u2013 \u0444\u043b\u0430\u0433\u043c\u0430\u043d \u0441\u0435\u0440\u0435\u0434 \u0441\u0438\u0441\u0442\u0435\u043c WDS. \u041d\u0430\u0439\u0432\u0438\u0449\u0438\u0439 \u0440\u0456\u0432\u0435\u043d\u044c \u0435\u043d\u0435\u0440\u0433\u043e\u0435\u0444\u0435\u043a\u0442\u0438\u0432\u043d\u043e\u0441\u0442\u0456 \u0442\u0430 \u0448\u0443\u043c\u043e\u0456\u0437\u043e\u043b\u044f\u0446\u0456\u0457 \u0434\u043b\u044f \u0432\u0430\u0448\u043e\u0457 \u043e\u0441\u0435\u043b\u0456. 6-\u043a\u0430\u043c\u0435\u0440\u043d\u0438\u0439 \u043f\u0440\u043e\u0444\u0456\u043b\u044c, \u0434\u0432\u043e\u043a\u0430\u043c\u0435\u0440\u043d\u0438\u0439 \u0435\u043d\u0435\u0440\u0433\u043e\u0437\u0431\u0435\u0440\u0456\u0433\u0430\u044e\u0447\u0438\u0439 \u0441\u043a\u043b\u043e\u043f\u0430\u043a\u0435\u0442, \u0448\u0438\u0440\u043e\u043a\u0438\u0439 \u0432\u0438\u0431\u0456\u0440 \u043b\u0430\u043c\u0456\u043d\u0430\u0446\u0456\u0457. \u0412\u0441\u0456 \u043f\u0435\u0440\u0435\u0432\u0430\u0433\u0438 \u0432\u0456\u043a\u043e\u043d WDS 8S \u043d\u0430 \u043e\u0444\u0456\u0446\u0456\u0439\u043d\u043e\u043c\u0443 \u0441\u0430\u0439\u0442\u0456 \u0431\u0440\u0435\u043d\u0434\u0443.","robots":{"index":"index","follow":"follow","max-snippet":"max-snippet:-1","max-image-preview":"max-image-preview:large","max-video-preview":"max-video-preview:-1"},"canonical":"https:\/\/wds.ro\/window\/wds-8s\/","og_locale":"uk_UA","og_type":"article","og_title":"\u0412\u0456\u043a\u043d\u0430 WDS 8S | \u0412\u0456\u043a\u043d\u0430 WDS","og_description":"\u0412\u0456\u043a\u043d\u0430 WDS 8S \u2013 \u0444\u043b\u0430\u0433\u043c\u0430\u043d \u0441\u0435\u0440\u0435\u0434 \u0441\u0438\u0441\u0442\u0435\u043c WDS. \u041d\u0430\u0439\u0432\u0438\u0449\u0438\u0439 \u0440\u0456\u0432\u0435\u043d\u044c \u0435\u043d\u0435\u0440\u0433\u043e\u0435\u0444\u0435\u043a\u0442\u0438\u0432\u043d\u043e\u0441\u0442\u0456 \u0442\u0430 \u0448\u0443\u043c\u043e\u0456\u0437\u043e\u043b\u044f\u0446\u0456\u0457 \u0434\u043b\u044f \u0432\u0430\u0448\u043e\u0457 \u043e\u0441\u0435\u043b\u0456. 6-\u043a\u0430\u043c\u0435\u0440\u043d\u0438\u0439 \u043f\u0440\u043e\u0444\u0456\u043b\u044c, \u0434\u0432\u043e\u043a\u0430\u043c\u0435\u0440\u043d\u0438\u0439 \u0435\u043d\u0435\u0440\u0433\u043e\u0437\u0431\u0435\u0440\u0456\u0433\u0430\u044e\u0447\u0438\u0439 \u0441\u043a\u043b\u043e\u043f\u0430\u043a\u0435\u0442, \u0448\u0438\u0440\u043e\u043a\u0438\u0439 \u0432\u0438\u0431\u0456\u0440 \u043b\u0430\u043c\u0456\u043d\u0430\u0446\u0456\u0457. \u0412\u0441\u0456 \u043f\u0435\u0440\u0435\u0432\u0430\u0433\u0438 \u0432\u0456\u043a\u043e\u043d WDS 8S \u043d\u0430 \u043e\u0444\u0456\u0446\u0456\u0439\u043d\u043e\u043c\u0443 \u0441\u0430\u0439\u0442\u0456 \u0431\u0440\u0435\u043d\u0434\u0443.","og_url":"https:\/\/wds.ro\/window\/wds-8s\/","og_site_name":"\u0412\u0456\u043a\u043d\u0430 WDS","article_publisher":"https:\/\/www.facebook.com\/WDS.UA\/","article_modified_time":"2026-04-15T22:57:38+00:00","twitter_card":"summary_large_image","schema":{"@context":"https:\/\/schema.org","@graph":[{"@type":"WebPage","@id":"https:\/\/wds.ro\/window\/wds-8s\/","url":"https:\/\/wds.ro\/window\/wds-8s\/","name":"[:ua]\u0412\u0456\u043a\u043d\u0430 WDS 8S | \u0412\u0456\u043a\u043d\u0430 WDS [:ro]Ferestre WDS 8S | \u0412\u0456\u043a\u043d\u0430 WDS [:en]Windows WDS 8S | \u0412\u0456\u043a\u043d\u0430 WDS [:]","isPartOf":{"@id":"https:\/\/wds.ro\/#website"},"datePublished":"2018-09-18T14:10:33+00:00","dateModified":"2026-04-15T22:57:38+00:00","description":"{:ua}\u0412\u0456\u043a\u043d\u0430 WDS 8S \u2013 \u0444\u043b\u0430\u0433\u043c\u0430\u043d \u0441\u0435\u0440\u0435\u0434 \u0441\u0438\u0441\u0442\u0435\u043c WDS. \u041d\u0430\u0439\u0432\u0438\u0449\u0438\u0439 \u0440\u0456\u0432\u0435\u043d\u044c \u0435\u043d\u0435\u0440\u0433\u043e\u0435\u0444\u0435\u043a\u0442\u0438\u0432\u043d\u043e\u0441\u0442\u0456 \u0442\u0430 \u0448\u0443\u043c\u043e\u0456\u0437\u043e\u043b\u044f\u0446\u0456\u0457 \u0434\u043b\u044f \u0432\u0430\u0448\u043e\u0457 \u043e\u0441\u0435\u043b\u0456. 6-\u043a\u0430\u043c\u0435\u0440\u043d\u0438\u0439 \u043f\u0440\u043e\u0444\u0456\u043b\u044c, \u0434\u0432\u043e\u043a\u0430\u043c\u0435\u0440\u043d\u0438\u0439 \u0435\u043d\u0435\u0440\u0433\u043e\u0437\u0431\u0435\u0440\u0456\u0433\u0430\u044e\u0447\u0438\u0439 \u0441\u043a\u043b\u043e\u043f\u0430\u043a\u0435\u0442, \u0448\u0438\u0440\u043e\u043a\u0438\u0439 \u0432\u0438\u0431\u0456\u0440 \u043b\u0430\u043c\u0456\u043d\u0430\u0446\u0456\u0457. \u0412\u0441\u0456 \u043f\u0435\u0440\u0435\u0432\u0430\u0433\u0438 \u0432\u0456\u043a\u043e\u043d WDS 8S \u043d\u0430 \u043e\u0444\u0456\u0446\u0456\u0439\u043d\u043e\u043c\u0443 \u0441\u0430\u0439\u0442\u0456 \u0431\u0440\u0435\u043d\u0434\u0443.{:ro}Ferestrele WDS 8S sunt modelul emblematic printre sistemele WDS. Cel mai \u00eenalt nivel de eficien\u021b\u0103 energetic\u0103 \u0219i izolare fonic\u0103 pentru casa dumneavoastr\u0103. Profil cu 6 camere, fereastr\u0103 termopan cu dou\u0103 camere, economic\u0103 din punct de vedere energetic, o gam\u0103 larg\u0103 de laminare. Toate avantajele ferestrelor WDS 8S pe site-ul oficial al m\u0103rcii.{:en}WDS 8S windows are the flagship among WDS systems. The highest level of energy efficiency and noise insulation for your home. 6-chamber profile, two-chamber energy-saving double-glazed window, a wide choice of lamination. All the advantages of WDS 8S windows on the official website of the brand.{:}","breadcrumb":{"@id":"https:\/\/wds.ro\/window\/wds-8s\/#breadcrumb"},"inLanguage":"uk","potentialAction":[{"@type":"ReadAction","target":["https:\/\/wds.ro\/window\/wds-8s\/"]}]},{"@type":"BreadcrumbList","@id":"https:\/\/wds.ro\/window\/wds-8s\/#breadcrumb","itemListElement":[{"@type":"ListItem","position":1,"name":"\u0413\u043e\u043b\u043e\u0432\u043d\u0430","item":"https:\/\/wds.ro\/"},{"@type":"ListItem","position":2,"name":"\u0412\u0456\u043a\u043d\u0430","item":"https:\/\/wds.ro\/window\/"},{"@type":"ListItem","position":3,"name":"\u0412\u0456\u043a\u043d\u0430 WDS 8S"}]},{"@type":"WebSite","@id":"https:\/\/wds.ro\/#website","url":"https:\/\/wds.ro\/","name":"WDS Site","description":"Official site","publisher":{"@id":"https:\/\/wds.ro\/#organization"},"potentialAction":[{"@type":"SearchAction","target":{"@type":"EntryPoint","urlTemplate":"https:\/\/wds.ro\/?s={search_term_string}"},"query-input":{"@type":"PropertyValueSpecification","valueRequired":true,"valueName":"search_term_string"}}],"inLanguage":"uk"},{"@type":"Organization","@id":"https:\/\/wds.ro\/#organization","name":"\u0412\u0456\u043a\u043d\u0430 WDS","url":"https:\/\/wds.ro\/","logo":{"@type":"ImageObject","inLanguage":"uk","@id":"https:\/\/wds.ro\/#\/schema\/logo\/image\/","url":"https:\/\/wds.ro\/wp-content\/uploads\/2019\/10\/wds-logo.png","contentUrl":"https:\/\/wds.ro\/wp-content\/uploads\/2019\/10\/wds-logo.png","width":103,"height":25,"caption":"\u0412\u0456\u043a\u043d\u0430 WDS"},"image":{"@id":"https:\/\/wds.ro\/#\/schema\/logo\/image\/"},"sameAs":["https:\/\/www.facebook.com\/WDS.UA\/","https:\/\/youtube.com\/channel\/UCz8_fq9IcMvjXug_RM5m3dQ\/"]}]}},"_links":{"self":[{"href":"https:\/\/wds.ro\/ua\/wp-json\/wp\/v2\/pages\/98","targetHints":{"allow":["GET"]}}],"collection":[{"href":"https:\/\/wds.ro\/ua\/wp-json\/wp\/v2\/pages"}],"about":[{"href":"https:\/\/wds.ro\/ua\/wp-json\/wp\/v2\/types\/page"}],"author":[{"embeddable":true,"href":"https:\/\/wds.ro\/ua\/wp-json\/wp\/v2\/users\/1"}],"replies":[{"embeddable":true,"href":"https:\/\/wds.ro\/ua\/wp-json\/wp\/v2\/comments?post=98"}],"version-history":[{"count":1,"href":"https:\/\/wds.ro\/ua\/wp-json\/wp\/v2\/pages\/98\/revisions"}],"predecessor-version":[{"id":7056,"href":"https:\/\/wds.ro\/ua\/wp-json\/wp\/v2\/pages\/98\/revisions\/7056"}],"up":[{"embeddable":true,"href":"https:\/\/wds.ro\/ua\/wp-json\/wp\/v2\/pages\/11"}],"wp:attachment":[{"href":"https:\/\/wds.ro\/ua\/wp-json\/wp\/v2\/media?parent=98"}],"curies":[{"name":"wp","href":"https:\/\/api.w.org\/{rel}","templated":true}]}}