{"id":104,"date":"2018-09-18T17:11:08","date_gmt":"2018-09-18T14:11:08","guid":{"rendered":"https:\/\/wds.ua\/\/?page_id=104"},"modified":"2026-04-16T02:00:31","modified_gmt":"2026-04-15T23:00:31","slug":"wds-5s","status":"publish","type":"page","link":"https:\/\/wds.ro\/ua\/window\/wds-5s\/","title":{"rendered":"\u0412\u0456\u043a\u043d\u0430 WDS 5S"},"content":{"rendered":"","protected":false},"excerpt":{"rendered":"","protected":false},"author":1,"featured_media":0,"parent":11,"menu_order":0,"comment_status":"closed","ping_status":"closed","template":"page-wds-5s.php","meta":{"footnotes":""},"class_list":["post-104","page","type-page","status-publish","hentry"],"yoast_head":"<!-- This site is optimized with the Yoast SEO plugin v24.8 - https:\/\/yoast.com\/wordpress\/plugins\/seo\/ -->\n<title>\u0412\u0456\u043a\u043d\u0430 WDS 5S<\/title>\n<meta name=\"description\" content=\"\u2714 \u0421\u0443\u0447\u0430\u0441\u043d\u0438\u0439 \u043b\u0430\u043a\u043e\u043d\u0456\u0447\u043d\u0438\u0439 \u0434\u0438\u0437\u0430\u0439\u043d \u2705 \u042f\u043a\u0456\u0441\u043d\u0456 \u043a\u043e\u043d\u0441\u0442\u0440\u0443\u043a\u0446\u0456\u0457 \u043d\u0430 \u0434\u043e\u0432\u0433\u0456 \u0440\u043e\u043a\u0438 | \u041f\u0440\u0438\u0454\u043c\u043d\u0430 \u0446\u0456\u043d\u0430 | \u0411\u0430\u0433\u0430\u0442\u043e \u043a\u043e\u043b\u044c\u043e\u0440\u0456\u0432 \u043b\u0430\u043c\u0456\u043d\u0430\u0446\u0456\" \/>\n<meta name=\"robots\" content=\"index, follow, max-snippet:-1, max-image-preview:large, max-video-preview:-1\" \/>\n<link rel=\"canonical\" href=\"https:\/\/wds.ro\/window\/wds-5s\/\" \/>\n<meta property=\"og:locale\" content=\"uk_UA\" \/>\n<meta property=\"og:type\" content=\"article\" \/>\n<meta property=\"og:title\" content=\"\u0412\u0456\u043a\u043d\u0430 WDS 5S\" \/>\n<meta property=\"og:description\" content=\"\u2714 \u0421\u0443\u0447\u0430\u0441\u043d\u0438\u0439 \u043b\u0430\u043a\u043e\u043d\u0456\u0447\u043d\u0438\u0439 \u0434\u0438\u0437\u0430\u0439\u043d \u2705 \u042f\u043a\u0456\u0441\u043d\u0456 \u043a\u043e\u043d\u0441\u0442\u0440\u0443\u043a\u0446\u0456\u0457 \u043d\u0430 \u0434\u043e\u0432\u0433\u0456 \u0440\u043e\u043a\u0438 | \u041f\u0440\u0438\u0454\u043c\u043d\u0430 \u0446\u0456\u043d\u0430 | \u0411\u0430\u0433\u0430\u0442\u043e \u043a\u043e\u043b\u044c\u043e\u0440\u0456\u0432 \u043b\u0430\u043c\u0456\u043d\u0430\u0446\u0456\" \/>\n<meta property=\"og:url\" content=\"https:\/\/wds.ro\/window\/wds-5s\/\" \/>\n<meta property=\"og:site_name\" content=\"\u0412\u0456\u043a\u043d\u0430 WDS\" \/>\n<meta property=\"article:publisher\" content=\"https:\/\/www.facebook.com\/WDS.UA\/\" \/>\n<meta property=\"article:modified_time\" content=\"2026-04-15T23:00:31+00:00\" \/>\n<meta name=\"twitter:card\" content=\"summary_large_image\" \/>\n<script type=\"application\/ld+json\" class=\"yoast-schema-graph\">{\"@context\":\"https:\/\/schema.org\",\"@graph\":[{\"@type\":\"WebPage\",\"@id\":\"https:\/\/wds.ro\/window\/wds-5s\/\",\"url\":\"https:\/\/wds.ro\/window\/wds-5s\/\",\"name\":\"[:ua]\u0412\u0456\u043a\u043d\u0430 WDS 5S[:ro]Ferestre WDS 5S[:en]Windows WDS 5S[:]\",\"isPartOf\":{\"@id\":\"https:\/\/wds.ro\/#website\"},\"datePublished\":\"2018-09-18T14:11:08+00:00\",\"dateModified\":\"2026-04-15T23:00:31+00:00\",\"description\":\"{:ua}\u2714 \u0421\u0443\u0447\u0430\u0441\u043d\u0438\u0439 \u043b\u0430\u043a\u043e\u043d\u0456\u0447\u043d\u0438\u0439 \u0434\u0438\u0437\u0430\u0439\u043d \u2705 \u042f\u043a\u0456\u0441\u043d\u0456 \u043a\u043e\u043d\u0441\u0442\u0440\u0443\u043a\u0446\u0456\u0457 \u043d\u0430 \u0434\u043e\u0432\u0433\u0456 \u0440\u043e\u043a\u0438 | \u041f\u0440\u0438\u0454\u043c\u043d\u0430 \u0446\u0456\u043d\u0430 | \u0411\u0430\u0433\u0430\u0442\u043e \u043a\u043e\u043b\u044c\u043e\u0440\u0456\u0432 \u043b\u0430\u043c\u0456\u043d\u0430\u0446\u0456{:ro}\u2714 Design modern \u0219i concis \u2705 Construc\u021bie de \u00eenalt\u0103 calitate, durabil\u0103 timp de mul\u021bi ani | Pre\u021b accesibil | Multe culori de laminat{:en}\u2714 Modern, concise design \u2705 High-quality construction for many years | Affordable price | Many laminate colors{:}\",\"breadcrumb\":{\"@id\":\"https:\/\/wds.ro\/window\/wds-5s\/#breadcrumb\"},\"inLanguage\":\"uk\",\"potentialAction\":[{\"@type\":\"ReadAction\",\"target\":[\"https:\/\/wds.ro\/window\/wds-5s\/\"]}]},{\"@type\":\"BreadcrumbList\",\"@id\":\"https:\/\/wds.ro\/window\/wds-5s\/#breadcrumb\",\"itemListElement\":[{\"@type\":\"ListItem\",\"position\":1,\"name\":\"\u0413\u043e\u043b\u043e\u0432\u043d\u0430\",\"item\":\"https:\/\/wds.ro\/\"},{\"@type\":\"ListItem\",\"position\":2,\"name\":\"\u0412\u0456\u043a\u043d\u0430\",\"item\":\"https:\/\/wds.ro\/window\/\"},{\"@type\":\"ListItem\",\"position\":3,\"name\":\"\u0412\u0456\u043a\u043d\u0430 WDS 5S\"}]},{\"@type\":\"WebSite\",\"@id\":\"https:\/\/wds.ro\/#website\",\"url\":\"https:\/\/wds.ro\/\",\"name\":\"WDS Site\",\"description\":\"Official site\",\"publisher\":{\"@id\":\"https:\/\/wds.ro\/#organization\"},\"potentialAction\":[{\"@type\":\"SearchAction\",\"target\":{\"@type\":\"EntryPoint\",\"urlTemplate\":\"https:\/\/wds.ro\/?s={search_term_string}\"},\"query-input\":{\"@type\":\"PropertyValueSpecification\",\"valueRequired\":true,\"valueName\":\"search_term_string\"}}],\"inLanguage\":\"uk\"},{\"@type\":\"Organization\",\"@id\":\"https:\/\/wds.ro\/#organization\",\"name\":\"\u0412\u0456\u043a\u043d\u0430 WDS\",\"url\":\"https:\/\/wds.ro\/\",\"logo\":{\"@type\":\"ImageObject\",\"inLanguage\":\"uk\",\"@id\":\"https:\/\/wds.ro\/#\/schema\/logo\/image\/\",\"url\":\"https:\/\/wds.ro\/wp-content\/uploads\/2019\/10\/wds-logo.png\",\"contentUrl\":\"https:\/\/wds.ro\/wp-content\/uploads\/2019\/10\/wds-logo.png\",\"width\":103,\"height\":25,\"caption\":\"\u0412\u0456\u043a\u043d\u0430 WDS\"},\"image\":{\"@id\":\"https:\/\/wds.ro\/#\/schema\/logo\/image\/\"},\"sameAs\":[\"https:\/\/www.facebook.com\/WDS.UA\/\",\"https:\/\/youtube.com\/channel\/UCz8_fq9IcMvjXug_RM5m3dQ\/\"]}]}<\/script>\n<!-- \/ Yoast SEO plugin. -->","yoast_head_json":{"title":"\u0412\u0456\u043a\u043d\u0430 WDS 5S","description":"\u2714 \u0421\u0443\u0447\u0430\u0441\u043d\u0438\u0439 \u043b\u0430\u043a\u043e\u043d\u0456\u0447\u043d\u0438\u0439 \u0434\u0438\u0437\u0430\u0439\u043d \u2705 \u042f\u043a\u0456\u0441\u043d\u0456 \u043a\u043e\u043d\u0441\u0442\u0440\u0443\u043a\u0446\u0456\u0457 \u043d\u0430 \u0434\u043e\u0432\u0433\u0456 \u0440\u043e\u043a\u0438 | \u041f\u0440\u0438\u0454\u043c\u043d\u0430 \u0446\u0456\u043d\u0430 | \u0411\u0430\u0433\u0430\u0442\u043e \u043a\u043e\u043b\u044c\u043e\u0440\u0456\u0432 \u043b\u0430\u043c\u0456\u043d\u0430\u0446\u0456","robots":{"index":"index","follow":"follow","max-snippet":"max-snippet:-1","max-image-preview":"max-image-preview:large","max-video-preview":"max-video-preview:-1"},"canonical":"https:\/\/wds.ro\/window\/wds-5s\/","og_locale":"uk_UA","og_type":"article","og_title":"\u0412\u0456\u043a\u043d\u0430 WDS 5S","og_description":"\u2714 \u0421\u0443\u0447\u0430\u0441\u043d\u0438\u0439 \u043b\u0430\u043a\u043e\u043d\u0456\u0447\u043d\u0438\u0439 \u0434\u0438\u0437\u0430\u0439\u043d \u2705 \u042f\u043a\u0456\u0441\u043d\u0456 \u043a\u043e\u043d\u0441\u0442\u0440\u0443\u043a\u0446\u0456\u0457 \u043d\u0430 \u0434\u043e\u0432\u0433\u0456 \u0440\u043e\u043a\u0438 | \u041f\u0440\u0438\u0454\u043c\u043d\u0430 \u0446\u0456\u043d\u0430 | \u0411\u0430\u0433\u0430\u0442\u043e \u043a\u043e\u043b\u044c\u043e\u0440\u0456\u0432 \u043b\u0430\u043c\u0456\u043d\u0430\u0446\u0456","og_url":"https:\/\/wds.ro\/window\/wds-5s\/","og_site_name":"\u0412\u0456\u043a\u043d\u0430 WDS","article_publisher":"https:\/\/www.facebook.com\/WDS.UA\/","article_modified_time":"2026-04-15T23:00:31+00:00","twitter_card":"summary_large_image","schema":{"@context":"https:\/\/schema.org","@graph":[{"@type":"WebPage","@id":"https:\/\/wds.ro\/window\/wds-5s\/","url":"https:\/\/wds.ro\/window\/wds-5s\/","name":"[:ua]\u0412\u0456\u043a\u043d\u0430 WDS 5S[:ro]Ferestre WDS 5S[:en]Windows WDS 5S[:]","isPartOf":{"@id":"https:\/\/wds.ro\/#website"},"datePublished":"2018-09-18T14:11:08+00:00","dateModified":"2026-04-15T23:00:31+00:00","description":"{:ua}\u2714 \u0421\u0443\u0447\u0430\u0441\u043d\u0438\u0439 \u043b\u0430\u043a\u043e\u043d\u0456\u0447\u043d\u0438\u0439 \u0434\u0438\u0437\u0430\u0439\u043d \u2705 \u042f\u043a\u0456\u0441\u043d\u0456 \u043a\u043e\u043d\u0441\u0442\u0440\u0443\u043a\u0446\u0456\u0457 \u043d\u0430 \u0434\u043e\u0432\u0433\u0456 \u0440\u043e\u043a\u0438 | \u041f\u0440\u0438\u0454\u043c\u043d\u0430 \u0446\u0456\u043d\u0430 | \u0411\u0430\u0433\u0430\u0442\u043e \u043a\u043e\u043b\u044c\u043e\u0440\u0456\u0432 \u043b\u0430\u043c\u0456\u043d\u0430\u0446\u0456{:ro}\u2714 Design modern \u0219i concis \u2705 Construc\u021bie de \u00eenalt\u0103 calitate, durabil\u0103 timp de mul\u021bi ani | Pre\u021b accesibil | Multe culori de laminat{:en}\u2714 Modern, concise design \u2705 High-quality construction for many years | Affordable price | Many laminate colors{:}","breadcrumb":{"@id":"https:\/\/wds.ro\/window\/wds-5s\/#breadcrumb"},"inLanguage":"uk","potentialAction":[{"@type":"ReadAction","target":["https:\/\/wds.ro\/window\/wds-5s\/"]}]},{"@type":"BreadcrumbList","@id":"https:\/\/wds.ro\/window\/wds-5s\/#breadcrumb","itemListElement":[{"@type":"ListItem","position":1,"name":"\u0413\u043e\u043b\u043e\u0432\u043d\u0430","item":"https:\/\/wds.ro\/"},{"@type":"ListItem","position":2,"name":"\u0412\u0456\u043a\u043d\u0430","item":"https:\/\/wds.ro\/window\/"},{"@type":"ListItem","position":3,"name":"\u0412\u0456\u043a\u043d\u0430 WDS 5S"}]},{"@type":"WebSite","@id":"https:\/\/wds.ro\/#website","url":"https:\/\/wds.ro\/","name":"WDS Site","description":"Official site","publisher":{"@id":"https:\/\/wds.ro\/#organization"},"potentialAction":[{"@type":"SearchAction","target":{"@type":"EntryPoint","urlTemplate":"https:\/\/wds.ro\/?s={search_term_string}"},"query-input":{"@type":"PropertyValueSpecification","valueRequired":true,"valueName":"search_term_string"}}],"inLanguage":"uk"},{"@type":"Organization","@id":"https:\/\/wds.ro\/#organization","name":"\u0412\u0456\u043a\u043d\u0430 WDS","url":"https:\/\/wds.ro\/","logo":{"@type":"ImageObject","inLanguage":"uk","@id":"https:\/\/wds.ro\/#\/schema\/logo\/image\/","url":"https:\/\/wds.ro\/wp-content\/uploads\/2019\/10\/wds-logo.png","contentUrl":"https:\/\/wds.ro\/wp-content\/uploads\/2019\/10\/wds-logo.png","width":103,"height":25,"caption":"\u0412\u0456\u043a\u043d\u0430 WDS"},"image":{"@id":"https:\/\/wds.ro\/#\/schema\/logo\/image\/"},"sameAs":["https:\/\/www.facebook.com\/WDS.UA\/","https:\/\/youtube.com\/channel\/UCz8_fq9IcMvjXug_RM5m3dQ\/"]}]}},"_links":{"self":[{"href":"https:\/\/wds.ro\/ua\/wp-json\/wp\/v2\/pages\/104","targetHints":{"allow":["GET"]}}],"collection":[{"href":"https:\/\/wds.ro\/ua\/wp-json\/wp\/v2\/pages"}],"about":[{"href":"https:\/\/wds.ro\/ua\/wp-json\/wp\/v2\/types\/page"}],"author":[{"embeddable":true,"href":"https:\/\/wds.ro\/ua\/wp-json\/wp\/v2\/users\/1"}],"replies":[{"embeddable":true,"href":"https:\/\/wds.ro\/ua\/wp-json\/wp\/v2\/comments?post=104"}],"version-history":[{"count":1,"href":"https:\/\/wds.ro\/ua\/wp-json\/wp\/v2\/pages\/104\/revisions"}],"predecessor-version":[{"id":7059,"href":"https:\/\/wds.ro\/ua\/wp-json\/wp\/v2\/pages\/104\/revisions\/7059"}],"up":[{"embeddable":true,"href":"https:\/\/wds.ro\/ua\/wp-json\/wp\/v2\/pages\/11"}],"wp:attachment":[{"href":"https:\/\/wds.ro\/ua\/wp-json\/wp\/v2\/media?parent=104"}],"curies":[{"name":"wp","href":"https:\/\/api.w.org\/{rel}","templated":true}]}}