{"id":5403,"date":"2023-07-05T12:36:23","date_gmt":"2023-07-05T09:36:23","guid":{"rendered":"https:\/\/wds.ua\/?page_id=5403"},"modified":"2025-08-27T22:37:05","modified_gmt":"2025-08-27T19:37:05","slug":"wds-76-md","status":"publish","type":"page","link":"https:\/\/wds.ro\/en\/wds-76-md\/","title":{"rendered":"WDS 76  MD"},"content":{"rendered":"","protected":false},"excerpt":{"rendered":"","protected":false},"author":1,"featured_media":0,"parent":0,"menu_order":0,"comment_status":"closed","ping_status":"closed","template":"page-wds-76-md.php","meta":{"footnotes":""},"class_list":["post-5403","page","type-page","status-publish","hentry"],"yoast_head":"<!-- This site is optimized with the Yoast SEO plugin v24.8 - https:\/\/yoast.com\/wordpress\/plugins\/seo\/ -->\n<title>WDS 76 MD | Un nou flagship tehnologic<\/title>\n<meta name=\"description\" content=\"\u2705Maximum heat conservation, reliable sound insulation, tightness and more natural light. The ideal solution for cottages and private houses.\" \/>\n<meta name=\"robots\" content=\"index, follow, max-snippet:-1, max-image-preview:large, max-video-preview:-1\" \/>\n<link rel=\"canonical\" href=\"https:\/\/wds.ro\/wds-76-md\/\" \/>\n<meta property=\"og:locale\" content=\"en_US\" \/>\n<meta property=\"og:type\" content=\"article\" \/>\n<meta property=\"og:title\" content=\"WDS 76 MD | Un nou flagship tehnologic\" \/>\n<meta property=\"og:description\" content=\"\u2705Maximum heat conservation, reliable sound insulation, tightness and more natural light. The ideal solution for cottages and private houses.\" \/>\n<meta property=\"og:url\" content=\"https:\/\/wds.ro\/wds-76-md\/\" \/>\n<meta property=\"og:site_name\" content=\"WDS site\" \/>\n<meta property=\"article:publisher\" content=\"https:\/\/www.facebook.com\/WDS.UA\/\" \/>\n<meta property=\"article:modified_time\" content=\"2025-08-27T19:37:05+00:00\" \/>\n<meta name=\"twitter:card\" content=\"summary_large_image\" \/>\n<script type=\"application\/ld+json\" class=\"yoast-schema-graph\">{\"@context\":\"https:\/\/schema.org\",\"@graph\":[{\"@type\":\"WebPage\",\"@id\":\"https:\/\/wds.ro\/wds-76-md\/\",\"url\":\"https:\/\/wds.ro\/wds-76-md\/\",\"name\":\"[:ua]WDS 76 MD | Un nou flagship tehnologic[:ro]WDS 76 MD | Un nou model tehnologic emblematic[:en]WDS 76 MD | Un nou flagship tehnologic[:]\",\"isPartOf\":{\"@id\":\"https:\/\/wds.ro\/#website\"},\"datePublished\":\"2023-07-05T09:36:23+00:00\",\"dateModified\":\"2025-08-27T19:37:05+00:00\",\"description\":\"{:ua}\u2705\u041c\u0430\u043a\u0441\u0438\u043c\u0430\u043b\u044c\u043d\u0435 \u0442\u0435\u043f\u043b\u043e\u0437\u0431\u0435\u0440\u0435\u0436\u0435\u043d\u043d\u044f, \u043d\u0430\u0434\u0456\u0439\u043d\u0430 \u0437\u0432\u0443\u043a\u043e\u0456\u0437\u043e\u043b\u044f\u0446\u0456\u044f, \u0433\u0435\u0440\u043c\u0435\u0442\u0438\u0447\u043d\u0456\u0441\u0442\u044c \u0456 \u0431\u0456\u043b\u044c\u0448\u0435 \u043f\u0440\u0438\u0440\u043e\u0434\u043d\u043e\u0433\u043e \u0441\u0432\u0456\u0442\u043b\u0430. \u0406\u0434\u0435\u0430\u043b\u044c\u043d\u0435 \u0440\u0456\u0448\u0435\u043d\u043d\u044f \u0434\u043b\u044f \u043a\u043e\u0442\u0435\u0434\u0436\u0456\u0432 \u0442\u0430 \u043f\u0440\u0438\u0432\u0430\u0442\u043d\u0438\u0445 \u0431\u0443\u0434\u0438\u043d\u043a\u0456\u0432.{:en}\u2705Maximum heat conservation, reliable sound insulation, tightness and more natural light. The ideal solution for cottages and private houses.{:ro}\u2705Conservare maxim\u0103 a c\u0103ldurii, izola\u021bie fonic\u0103 fiabil\u0103, etan\u0219eitate \u0219i mai mult\u0103 lumin\u0103 natural\u0103. Solu\u021bia ideal\u0103 pentru cabane \u0219i case private.{:}\",\"breadcrumb\":{\"@id\":\"https:\/\/wds.ro\/wds-76-md\/#breadcrumb\"},\"inLanguage\":\"en\",\"potentialAction\":[{\"@type\":\"ReadAction\",\"target\":[\"https:\/\/wds.ro\/wds-76-md\/\"]}]},{\"@type\":\"BreadcrumbList\",\"@id\":\"https:\/\/wds.ro\/wds-76-md\/#breadcrumb\",\"itemListElement\":[{\"@type\":\"ListItem\",\"position\":1,\"name\":\"\u0413\u043e\u043b\u043e\u0432\u043d\u0430\",\"item\":\"https:\/\/wds.ro\/\"},{\"@type\":\"ListItem\",\"position\":2,\"name\":\"WDS 76 MD\"}]},{\"@type\":\"WebSite\",\"@id\":\"https:\/\/wds.ro\/#website\",\"url\":\"https:\/\/wds.ro\/\",\"name\":\"WDS Site\",\"description\":\"Official site\",\"publisher\":{\"@id\":\"https:\/\/wds.ro\/#organization\"},\"potentialAction\":[{\"@type\":\"SearchAction\",\"target\":{\"@type\":\"EntryPoint\",\"urlTemplate\":\"https:\/\/wds.ro\/?s={search_term_string}\"},\"query-input\":{\"@type\":\"PropertyValueSpecification\",\"valueRequired\":true,\"valueName\":\"search_term_string\"}}],\"inLanguage\":\"en\"},{\"@type\":\"Organization\",\"@id\":\"https:\/\/wds.ro\/#organization\",\"name\":\"\u0412\u0456\u043a\u043d\u0430 WDS\",\"url\":\"https:\/\/wds.ro\/\",\"logo\":{\"@type\":\"ImageObject\",\"inLanguage\":\"en\",\"@id\":\"https:\/\/wds.ro\/#\/schema\/logo\/image\/\",\"url\":\"https:\/\/wds.ro\/wp-content\/uploads\/2019\/10\/wds-logo.png\",\"contentUrl\":\"https:\/\/wds.ro\/wp-content\/uploads\/2019\/10\/wds-logo.png\",\"width\":103,\"height\":25,\"caption\":\"\u0412\u0456\u043a\u043d\u0430 WDS\"},\"image\":{\"@id\":\"https:\/\/wds.ro\/#\/schema\/logo\/image\/\"},\"sameAs\":[\"https:\/\/www.facebook.com\/WDS.UA\/\",\"https:\/\/youtube.com\/channel\/UCz8_fq9IcMvjXug_RM5m3dQ\/\"]}]}<\/script>\n<!-- \/ Yoast SEO plugin. -->","yoast_head_json":{"title":"WDS 76 MD | Un nou flagship tehnologic","description":"\u2705Maximum heat conservation, reliable sound insulation, tightness and more natural light. The ideal solution for cottages and private houses.","robots":{"index":"index","follow":"follow","max-snippet":"max-snippet:-1","max-image-preview":"max-image-preview:large","max-video-preview":"max-video-preview:-1"},"canonical":"https:\/\/wds.ro\/wds-76-md\/","og_locale":"en_US","og_type":"article","og_title":"WDS 76 MD | Un nou flagship tehnologic","og_description":"\u2705Maximum heat conservation, reliable sound insulation, tightness and more natural light. The ideal solution for cottages and private houses.","og_url":"https:\/\/wds.ro\/wds-76-md\/","og_site_name":"WDS site","article_publisher":"https:\/\/www.facebook.com\/WDS.UA\/","article_modified_time":"2025-08-27T19:37:05+00:00","twitter_card":"summary_large_image","schema":{"@context":"https:\/\/schema.org","@graph":[{"@type":"WebPage","@id":"https:\/\/wds.ro\/wds-76-md\/","url":"https:\/\/wds.ro\/wds-76-md\/","name":"[:ua]WDS 76 MD | Un nou flagship tehnologic[:ro]WDS 76 MD | Un nou model tehnologic emblematic[:en]WDS 76 MD | Un nou flagship tehnologic[:]","isPartOf":{"@id":"https:\/\/wds.ro\/#website"},"datePublished":"2023-07-05T09:36:23+00:00","dateModified":"2025-08-27T19:37:05+00:00","description":"{:ua}\u2705\u041c\u0430\u043a\u0441\u0438\u043c\u0430\u043b\u044c\u043d\u0435 \u0442\u0435\u043f\u043b\u043e\u0437\u0431\u0435\u0440\u0435\u0436\u0435\u043d\u043d\u044f, \u043d\u0430\u0434\u0456\u0439\u043d\u0430 \u0437\u0432\u0443\u043a\u043e\u0456\u0437\u043e\u043b\u044f\u0446\u0456\u044f, \u0433\u0435\u0440\u043c\u0435\u0442\u0438\u0447\u043d\u0456\u0441\u0442\u044c \u0456 \u0431\u0456\u043b\u044c\u0448\u0435 \u043f\u0440\u0438\u0440\u043e\u0434\u043d\u043e\u0433\u043e \u0441\u0432\u0456\u0442\u043b\u0430. \u0406\u0434\u0435\u0430\u043b\u044c\u043d\u0435 \u0440\u0456\u0448\u0435\u043d\u043d\u044f \u0434\u043b\u044f \u043a\u043e\u0442\u0435\u0434\u0436\u0456\u0432 \u0442\u0430 \u043f\u0440\u0438\u0432\u0430\u0442\u043d\u0438\u0445 \u0431\u0443\u0434\u0438\u043d\u043a\u0456\u0432.{:en}\u2705Maximum heat conservation, reliable sound insulation, tightness and more natural light. The ideal solution for cottages and private houses.{:ro}\u2705Conservare maxim\u0103 a c\u0103ldurii, izola\u021bie fonic\u0103 fiabil\u0103, etan\u0219eitate \u0219i mai mult\u0103 lumin\u0103 natural\u0103. Solu\u021bia ideal\u0103 pentru cabane \u0219i case private.{:}","breadcrumb":{"@id":"https:\/\/wds.ro\/wds-76-md\/#breadcrumb"},"inLanguage":"en","potentialAction":[{"@type":"ReadAction","target":["https:\/\/wds.ro\/wds-76-md\/"]}]},{"@type":"BreadcrumbList","@id":"https:\/\/wds.ro\/wds-76-md\/#breadcrumb","itemListElement":[{"@type":"ListItem","position":1,"name":"\u0413\u043e\u043b\u043e\u0432\u043d\u0430","item":"https:\/\/wds.ro\/"},{"@type":"ListItem","position":2,"name":"WDS 76 MD"}]},{"@type":"WebSite","@id":"https:\/\/wds.ro\/#website","url":"https:\/\/wds.ro\/","name":"WDS Site","description":"Official site","publisher":{"@id":"https:\/\/wds.ro\/#organization"},"potentialAction":[{"@type":"SearchAction","target":{"@type":"EntryPoint","urlTemplate":"https:\/\/wds.ro\/?s={search_term_string}"},"query-input":{"@type":"PropertyValueSpecification","valueRequired":true,"valueName":"search_term_string"}}],"inLanguage":"en"},{"@type":"Organization","@id":"https:\/\/wds.ro\/#organization","name":"\u0412\u0456\u043a\u043d\u0430 WDS","url":"https:\/\/wds.ro\/","logo":{"@type":"ImageObject","inLanguage":"en","@id":"https:\/\/wds.ro\/#\/schema\/logo\/image\/","url":"https:\/\/wds.ro\/wp-content\/uploads\/2019\/10\/wds-logo.png","contentUrl":"https:\/\/wds.ro\/wp-content\/uploads\/2019\/10\/wds-logo.png","width":103,"height":25,"caption":"\u0412\u0456\u043a\u043d\u0430 WDS"},"image":{"@id":"https:\/\/wds.ro\/#\/schema\/logo\/image\/"},"sameAs":["https:\/\/www.facebook.com\/WDS.UA\/","https:\/\/youtube.com\/channel\/UCz8_fq9IcMvjXug_RM5m3dQ\/"]}]}},"_links":{"self":[{"href":"https:\/\/wds.ro\/en\/wp-json\/wp\/v2\/pages\/5403","targetHints":{"allow":["GET"]}}],"collection":[{"href":"https:\/\/wds.ro\/en\/wp-json\/wp\/v2\/pages"}],"about":[{"href":"https:\/\/wds.ro\/en\/wp-json\/wp\/v2\/types\/page"}],"author":[{"embeddable":true,"href":"https:\/\/wds.ro\/en\/wp-json\/wp\/v2\/users\/1"}],"replies":[{"embeddable":true,"href":"https:\/\/wds.ro\/en\/wp-json\/wp\/v2\/comments?post=5403"}],"version-history":[{"count":1,"href":"https:\/\/wds.ro\/en\/wp-json\/wp\/v2\/pages\/5403\/revisions"}],"predecessor-version":[{"id":6977,"href":"https:\/\/wds.ro\/en\/wp-json\/wp\/v2\/pages\/5403\/revisions\/6977"}],"wp:attachment":[{"href":"https:\/\/wds.ro\/en\/wp-json\/wp\/v2\/media?parent=5403"}],"curies":[{"name":"wp","href":"https:\/\/api.w.org\/{rel}","templated":true}]}}