{"id":21,"date":"2018-08-07T14:50:05","date_gmt":"2018-08-07T11:50:05","guid":{"rendered":"https:\/\/wds.ua\/\/?page_id=21"},"modified":"2026-03-26T11:00:04","modified_gmt":"2026-03-26T09:00:04","slug":"home","status":"publish","type":"page","link":"https:\/\/wds.ro\/en\/","title":{"rendered":"Front page"},"content":{"rendered":"","protected":false},"excerpt":{"rendered":"","protected":false},"author":1,"featured_media":0,"parent":0,"menu_order":0,"comment_status":"closed","ping_status":"closed","template":"page-home.php","meta":{"footnotes":""},"class_list":["post-21","page","type-page","status-publish","hentry"],"yoast_head":"<!-- This site is optimized with the Yoast SEO plugin v24.8 - https:\/\/yoast.com\/wordpress\/plugins\/seo\/ -->\n<title>WDS \u2013 Official site<\/title>\n<meta name=\"description\" content=\"Plastic windows and doors\u2705 Profile systems from a Ukrainian manufacturer. Quality confirmed in Europe \u2192 energy-saving, technological, over 40 lamination colors\" \/>\n<meta name=\"robots\" content=\"index, follow, max-snippet:-1, max-image-preview:large, max-video-preview:-1\" \/>\n<link rel=\"canonical\" href=\"https:\/\/wds.ro\/\" \/>\n<meta property=\"og:locale\" content=\"en_US\" \/>\n<meta property=\"og:type\" content=\"article\" \/>\n<meta property=\"og:title\" content=\"WDS \u2013 Official site\" \/>\n<meta property=\"og:description\" content=\"Plastic windows and doors\u2705 Profile systems from a Ukrainian manufacturer. Quality confirmed in Europe \u2192 energy-saving, technological, over 40 lamination colors\" \/>\n<meta property=\"og:url\" content=\"https:\/\/wds.ro\/\" \/>\n<meta property=\"og:site_name\" content=\"WDS site\" \/>\n<meta property=\"article:publisher\" content=\"https:\/\/www.facebook.com\/WDS.UA\/\" \/>\n<meta property=\"article:modified_time\" content=\"2026-03-26T09:00:04+00:00\" \/>\n<meta name=\"twitter:card\" content=\"summary_large_image\" \/>\n<script type=\"application\/ld+json\" class=\"yoast-schema-graph\">{\"@context\":\"https:\/\/schema.org\",\"@graph\":[{\"@type\":\"WebPage\",\"@id\":\"https:\/\/wds.ro\/\",\"url\":\"https:\/\/wds.ro\/\",\"name\":\"[:ua]\u0412\u0456\u043a\u043d\u0430 WDS - \u041e\u0444\u0456\u0446\u0456\u0439\u043d\u0438\u0439 \u0441\u0430\u0439\u0442[:ro]WDS \u2013 Official site[:en]WDS \u2013 Official site[:]\",\"isPartOf\":{\"@id\":\"https:\/\/wds.ro\/#website\"},\"datePublished\":\"2018-08-07T11:50:05+00:00\",\"dateModified\":\"2026-03-26T09:00:04+00:00\",\"description\":\"{:ua}\u041f\u043b\u0430\u0441\u0442\u0438\u043a\u043e\u0432\u0456 \u0432\u0456\u043a\u043d\u0430 \u0442\u0430 \u0434\u0432\u0435\u0440\u0456\u2705 \u041f\u0440\u043e\u0444\u0456\u043b\u044c\u043d\u0456 \u0441\u0438\u0441\u0442\u0435\u043c\u0438 \u0443\u043a\u0440\u0430\u0457\u043d\u0441\u044c\u043a\u043e\u0433\u043e \u0432\u0438\u0440\u043e\u0431\u043d\u0438\u043a\u0430. \u042f\u043a\u0456\u0441\u0442\u044c \u043f\u0456\u0434\u0442\u0432\u0435\u0440\u0434\u0436\u0435\u043d\u0430 \u0432 \u0404\u0432\u0440\u043e\u043f\u0456 \u2192 \u0435\u043d\u0435\u0440\u0433\u043e\u043e\u0449\u0430\u0434\u043d\u0456, \u0442\u0435\u0445\u043d\u043e\u043b\u043e\u0433\u0456\u0447\u043d\u0456, \u043f\u043e\u043d\u0430\u0434 40 \u043a\u043e\u043b\u044c\u043e\u0440\u0456\u0432 \u043b\u0430\u043c\u0456\u043d\u0430\u0446\u0456\u0457{:ro}Ferestre \u0219i u\u0219i din plastic\u2705 Sisteme de profile de la un produc\u0103tor ucrainean. Calitate confirmat\u0103 \u00een Europa \u2192 economice din punct de vedere energetic, tehnologice, peste 40 de culori de laminare{:en}Plastic windows and doors\u2705 Profile systems from a Ukrainian manufacturer. Quality confirmed in Europe \u2192 energy-saving, technological, over 40 lamination colors{:}\",\"breadcrumb\":{\"@id\":\"https:\/\/wds.ro\/#breadcrumb\"},\"inLanguage\":\"en\",\"potentialAction\":[{\"@type\":\"ReadAction\",\"target\":[\"https:\/\/wds.ro\/\"]}]},{\"@type\":\"BreadcrumbList\",\"@id\":\"https:\/\/wds.ro\/#breadcrumb\",\"itemListElement\":[{\"@type\":\"ListItem\",\"position\":1,\"name\":\"\u0413\u043e\u043b\u043e\u0432\u043d\u0430\",\"item\":\"https:\/\/wds.ro\/\"},{\"@type\":\"ListItem\",\"position\":2,\"name\":\"\u0413\u043e\u043b\u043e\u0432\u043d\u0430 \u0441\u0442\u043e\u0440\u0456\u043d\u043a\u0430\"}]},{\"@type\":\"WebSite\",\"@id\":\"https:\/\/wds.ro\/#website\",\"url\":\"https:\/\/wds.ro\/\",\"name\":\"WDS Site\",\"description\":\"Official site\",\"publisher\":{\"@id\":\"https:\/\/wds.ro\/#organization\"},\"potentialAction\":[{\"@type\":\"SearchAction\",\"target\":{\"@type\":\"EntryPoint\",\"urlTemplate\":\"https:\/\/wds.ro\/?s={search_term_string}\"},\"query-input\":{\"@type\":\"PropertyValueSpecification\",\"valueRequired\":true,\"valueName\":\"search_term_string\"}}],\"inLanguage\":\"en\"},{\"@type\":\"Organization\",\"@id\":\"https:\/\/wds.ro\/#organization\",\"name\":\"\u0412\u0456\u043a\u043d\u0430 WDS\",\"url\":\"https:\/\/wds.ro\/\",\"logo\":{\"@type\":\"ImageObject\",\"inLanguage\":\"en\",\"@id\":\"https:\/\/wds.ro\/#\/schema\/logo\/image\/\",\"url\":\"https:\/\/wds.ro\/wp-content\/uploads\/2019\/10\/wds-logo.png\",\"contentUrl\":\"https:\/\/wds.ro\/wp-content\/uploads\/2019\/10\/wds-logo.png\",\"width\":103,\"height\":25,\"caption\":\"\u0412\u0456\u043a\u043d\u0430 WDS\"},\"image\":{\"@id\":\"https:\/\/wds.ro\/#\/schema\/logo\/image\/\"},\"sameAs\":[\"https:\/\/www.facebook.com\/WDS.UA\/\",\"https:\/\/youtube.com\/channel\/UCz8_fq9IcMvjXug_RM5m3dQ\/\"]}]}<\/script>\n<!-- \/ Yoast SEO plugin. -->","yoast_head_json":{"title":"WDS \u2013 Official site","description":"Plastic windows and doors\u2705 Profile systems from a Ukrainian manufacturer. Quality confirmed in Europe \u2192 energy-saving, technological, over 40 lamination colors","robots":{"index":"index","follow":"follow","max-snippet":"max-snippet:-1","max-image-preview":"max-image-preview:large","max-video-preview":"max-video-preview:-1"},"canonical":"https:\/\/wds.ro\/","og_locale":"en_US","og_type":"article","og_title":"WDS \u2013 Official site","og_description":"Plastic windows and doors\u2705 Profile systems from a Ukrainian manufacturer. Quality confirmed in Europe \u2192 energy-saving, technological, over 40 lamination colors","og_url":"https:\/\/wds.ro\/","og_site_name":"WDS site","article_publisher":"https:\/\/www.facebook.com\/WDS.UA\/","article_modified_time":"2026-03-26T09:00:04+00:00","twitter_card":"summary_large_image","schema":{"@context":"https:\/\/schema.org","@graph":[{"@type":"WebPage","@id":"https:\/\/wds.ro\/","url":"https:\/\/wds.ro\/","name":"[:ua]\u0412\u0456\u043a\u043d\u0430 WDS - \u041e\u0444\u0456\u0446\u0456\u0439\u043d\u0438\u0439 \u0441\u0430\u0439\u0442[:ro]WDS \u2013 Official site[:en]WDS \u2013 Official site[:]","isPartOf":{"@id":"https:\/\/wds.ro\/#website"},"datePublished":"2018-08-07T11:50:05+00:00","dateModified":"2026-03-26T09:00:04+00:00","description":"{:ua}\u041f\u043b\u0430\u0441\u0442\u0438\u043a\u043e\u0432\u0456 \u0432\u0456\u043a\u043d\u0430 \u0442\u0430 \u0434\u0432\u0435\u0440\u0456\u2705 \u041f\u0440\u043e\u0444\u0456\u043b\u044c\u043d\u0456 \u0441\u0438\u0441\u0442\u0435\u043c\u0438 \u0443\u043a\u0440\u0430\u0457\u043d\u0441\u044c\u043a\u043e\u0433\u043e \u0432\u0438\u0440\u043e\u0431\u043d\u0438\u043a\u0430. \u042f\u043a\u0456\u0441\u0442\u044c \u043f\u0456\u0434\u0442\u0432\u0435\u0440\u0434\u0436\u0435\u043d\u0430 \u0432 \u0404\u0432\u0440\u043e\u043f\u0456 \u2192 \u0435\u043d\u0435\u0440\u0433\u043e\u043e\u0449\u0430\u0434\u043d\u0456, \u0442\u0435\u0445\u043d\u043e\u043b\u043e\u0433\u0456\u0447\u043d\u0456, \u043f\u043e\u043d\u0430\u0434 40 \u043a\u043e\u043b\u044c\u043e\u0440\u0456\u0432 \u043b\u0430\u043c\u0456\u043d\u0430\u0446\u0456\u0457{:ro}Ferestre \u0219i u\u0219i din plastic\u2705 Sisteme de profile de la un produc\u0103tor ucrainean. Calitate confirmat\u0103 \u00een Europa \u2192 economice din punct de vedere energetic, tehnologice, peste 40 de culori de laminare{:en}Plastic windows and doors\u2705 Profile systems from a Ukrainian manufacturer. Quality confirmed in Europe \u2192 energy-saving, technological, over 40 lamination colors{:}","breadcrumb":{"@id":"https:\/\/wds.ro\/#breadcrumb"},"inLanguage":"en","potentialAction":[{"@type":"ReadAction","target":["https:\/\/wds.ro\/"]}]},{"@type":"BreadcrumbList","@id":"https:\/\/wds.ro\/#breadcrumb","itemListElement":[{"@type":"ListItem","position":1,"name":"\u0413\u043e\u043b\u043e\u0432\u043d\u0430","item":"https:\/\/wds.ro\/"},{"@type":"ListItem","position":2,"name":"\u0413\u043e\u043b\u043e\u0432\u043d\u0430 \u0441\u0442\u043e\u0440\u0456\u043d\u043a\u0430"}]},{"@type":"WebSite","@id":"https:\/\/wds.ro\/#website","url":"https:\/\/wds.ro\/","name":"WDS Site","description":"Official site","publisher":{"@id":"https:\/\/wds.ro\/#organization"},"potentialAction":[{"@type":"SearchAction","target":{"@type":"EntryPoint","urlTemplate":"https:\/\/wds.ro\/?s={search_term_string}"},"query-input":{"@type":"PropertyValueSpecification","valueRequired":true,"valueName":"search_term_string"}}],"inLanguage":"en"},{"@type":"Organization","@id":"https:\/\/wds.ro\/#organization","name":"\u0412\u0456\u043a\u043d\u0430 WDS","url":"https:\/\/wds.ro\/","logo":{"@type":"ImageObject","inLanguage":"en","@id":"https:\/\/wds.ro\/#\/schema\/logo\/image\/","url":"https:\/\/wds.ro\/wp-content\/uploads\/2019\/10\/wds-logo.png","contentUrl":"https:\/\/wds.ro\/wp-content\/uploads\/2019\/10\/wds-logo.png","width":103,"height":25,"caption":"\u0412\u0456\u043a\u043d\u0430 WDS"},"image":{"@id":"https:\/\/wds.ro\/#\/schema\/logo\/image\/"},"sameAs":["https:\/\/www.facebook.com\/WDS.UA\/","https:\/\/youtube.com\/channel\/UCz8_fq9IcMvjXug_RM5m3dQ\/"]}]}},"_links":{"self":[{"href":"https:\/\/wds.ro\/en\/wp-json\/wp\/v2\/pages\/21","targetHints":{"allow":["GET"]}}],"collection":[{"href":"https:\/\/wds.ro\/en\/wp-json\/wp\/v2\/pages"}],"about":[{"href":"https:\/\/wds.ro\/en\/wp-json\/wp\/v2\/types\/page"}],"author":[{"embeddable":true,"href":"https:\/\/wds.ro\/en\/wp-json\/wp\/v2\/users\/1"}],"replies":[{"embeddable":true,"href":"https:\/\/wds.ro\/en\/wp-json\/wp\/v2\/comments?post=21"}],"version-history":[{"count":1,"href":"https:\/\/wds.ro\/en\/wp-json\/wp\/v2\/pages\/21\/revisions"}],"predecessor-version":[{"id":7041,"href":"https:\/\/wds.ro\/en\/wp-json\/wp\/v2\/pages\/21\/revisions\/7041"}],"wp:attachment":[{"href":"https:\/\/wds.ro\/en\/wp-json\/wp\/v2\/media?parent=21"}],"curies":[{"name":"wp","href":"https:\/\/api.w.org\/{rel}","templated":true}]}}