{"id":17,"date":"2018-08-07T14:49:23","date_gmt":"2018-08-07T11:49:23","guid":{"rendered":"https:\/\/wds.ua\/\/?page_id=17"},"modified":"2025-11-21T09:56:23","modified_gmt":"2025-11-21T07:56:23","slug":"laminate","status":"publish","type":"page","link":"https:\/\/wds.ro\/en\/laminate\/","title":{"rendered":"WDS Color"},"content":{"rendered":"","protected":false},"excerpt":{"rendered":"","protected":false},"author":1,"featured_media":0,"parent":0,"menu_order":0,"comment_status":"closed","ping_status":"closed","template":"page-laminate.php","meta":{"footnotes":""},"class_list":["post-17","page","type-page","status-publish","hentry"],"yoast_head":"<!-- This site is optimized with the Yoast SEO plugin v24.8 - https:\/\/yoast.com\/wordpress\/plugins\/seo\/ -->\n<title>WDS Color - WDS site<\/title>\n<meta name=\"description\" content=\"WDS Color laminated windows with double-sided, external or internal lamination. A wide selection of trendy colors and textures: Golden Oak, Walnut, Bleached Oak, Anthracite and others. The color of the profile in double-sided lamination is combined with the color of the lamination film. The full palette and examples of windows in lamination are presented on the website.\" \/>\n<meta name=\"robots\" content=\"index, follow, max-snippet:-1, max-image-preview:large, max-video-preview:-1\" \/>\n<link rel=\"canonical\" href=\"https:\/\/wds.ro\/laminate\/\" \/>\n<meta property=\"og:locale\" content=\"en_US\" \/>\n<meta property=\"og:type\" content=\"article\" \/>\n<meta property=\"og:title\" content=\"WDS Color - WDS site\" \/>\n<meta property=\"og:description\" content=\"WDS Color laminated windows with double-sided, external or internal lamination. A wide selection of trendy colors and textures: Golden Oak, Walnut, Bleached Oak, Anthracite and others. The color of the profile in double-sided lamination is combined with the color of the lamination film. The full palette and examples of windows in lamination are presented on the website.\" \/>\n<meta property=\"og:url\" content=\"https:\/\/wds.ro\/laminate\/\" \/>\n<meta property=\"og:site_name\" content=\"WDS site\" \/>\n<meta property=\"article:publisher\" content=\"https:\/\/www.facebook.com\/WDS.UA\/\" \/>\n<meta property=\"article:modified_time\" content=\"2025-11-21T07:56:23+00:00\" \/>\n<meta name=\"twitter:card\" content=\"summary_large_image\" \/>\n<script type=\"application\/ld+json\" class=\"yoast-schema-graph\">{\"@context\":\"https:\/\/schema.org\",\"@graph\":[{\"@type\":\"WebPage\",\"@id\":\"https:\/\/wds.ro\/laminate\/\",\"url\":\"https:\/\/wds.ro\/laminate\/\",\"name\":\"[:ua]WDS Color | WDS site [:ro]Ferestre laminate WDS Color - WDS site [:en]WDS Color - WDS site [:]\",\"isPartOf\":{\"@id\":\"https:\/\/wds.ro\/#website\"},\"datePublished\":\"2018-08-07T11:49:23+00:00\",\"dateModified\":\"2025-11-21T07:56:23+00:00\",\"description\":\"{:ua}\u041b\u0430\u043c\u0456\u043d\u043e\u0432\u0430\u043d\u0456 \u0432\u0456\u043a\u043d\u0430 WDS Color \u0437 \u0434\u0432\u043e\u0431\u0456\u0447\u043d\u043e\u044e, \u0437\u043e\u0432\u043d\u0456\u0448\u043d\u044c\u043e\u044e \u0430\u0431\u043e \u0432\u043d\u0443\u0442\u0440\u0456\u0448\u043d\u044c\u043e\u044e \u043b\u0430\u043c\u0456\u043d\u0430\u0446\u0456\u0454\u044e. \u0428\u0438\u0440\u043e\u043a\u0438\u0439 \u0432\u0438\u0431\u0456\u0440 \u0442\u0440\u0435\u043d\u0434\u043e\u0432\u0438\u0445 \u043a\u043e\u043b\u044c\u043e\u0440\u0456\u0432 \u0442\u0430 \u0444\u0430\u043a\u0442\u0443\u0440: \u0417\u043e\u043b\u043e\u0442\u0438\u0439 \u0434\u0443\u0431, \u0413\u043e\u0440\u0456\u0445, \u0411\u0456\u043b\u0435\u043d\u0438\u0439 \u0434\u0443\u0431, \u0410\u043d\u0442\u0440\u0430\u0446\u0438\u0442 \u0442\u0430 \u0456\u043d\u0448\u0456. \u041a\u043e\u043b\u0456\u0440 \u043f\u0440\u043e\u0444\u0456\u043b\u044e \u0443 \u0434\u0432\u043e\u0431\u0456\u0447\u043d\u0456\u0439 \u043b\u0430\u043c\u0456\u043d\u0430\u0446\u0456\u0457 \u043f\u043e\u0454\u0434\u043d\u0443\u0454\u0442\u044c\u0441\u044f \u0437 \u043a\u043e\u043b\u044c\u043e\u0440\u043e\u043c \u043b\u0430\u043c\u0456\u043d\u0430\u0446\u0456\u0439\u043d\u043e\u0457 \u043f\u043b\u0456\u0432\u043a\u0438. \u041f\u043e\u0432\u043d\u0430 \u043f\u0430\u043b\u0456\u0442\u0440\u0430 \u0442\u0430 \u043f\u0440\u0438\u043a\u043b\u0430\u0434\u0438 \u0432\u0456\u043a\u043e\u043d \u0443 \u043b\u0430\u043c\u0456\u043d\u0430\u0446\u0456\u0457 \u043f\u0440\u0435\u0434\u0441\u0442\u0430\u0432\u043b\u0435\u043d\u0456 \u043d\u0430 \u0441\u0430\u0439\u0442\u0456.{:ro}Ferestre laminate WDS Color cu laminare fa\u021b\u0103-verso, exterioar\u0103 sau interioar\u0103. O gam\u0103 larg\u0103 de culori \u0219i texturi la mod\u0103: Stejar Auriu, Nuc, Stejar Albit, Antracit \u0219i altele. Culoarea profilului \u00een laminarea fa\u021b\u0103-verso este combinat\u0103 cu culoarea foliei de laminare. Paleta complet\u0103 \u0219i exemple de ferestre laminate sunt prezentate pe site.{:en}WDS Color laminated windows with double-sided, external or internal lamination. A wide selection of trendy colors and textures: Golden Oak, Walnut, Bleached Oak, Anthracite and others. The color of the profile in double-sided lamination is combined with the color of the lamination film. The full palette and examples of windows in lamination are presented on the website.{:}\",\"breadcrumb\":{\"@id\":\"https:\/\/wds.ro\/laminate\/#breadcrumb\"},\"inLanguage\":\"en\",\"potentialAction\":[{\"@type\":\"ReadAction\",\"target\":[\"https:\/\/wds.ro\/laminate\/\"]}]},{\"@type\":\"BreadcrumbList\",\"@id\":\"https:\/\/wds.ro\/laminate\/#breadcrumb\",\"itemListElement\":[{\"@type\":\"ListItem\",\"position\":1,\"name\":\"\u0413\u043e\u043b\u043e\u0432\u043d\u0430\",\"item\":\"https:\/\/wds.ro\/\"},{\"@type\":\"ListItem\",\"position\":2,\"name\":\"\u041b\u0430\u043c\u0456\u043d\u043e\u0432\u0430\u043d\u0456 \u0432\u0456\u043a\u043d\u0430 WDS Color\"}]},{\"@type\":\"WebSite\",\"@id\":\"https:\/\/wds.ro\/#website\",\"url\":\"https:\/\/wds.ro\/\",\"name\":\"WDS Site\",\"description\":\"Official site\",\"publisher\":{\"@id\":\"https:\/\/wds.ro\/#organization\"},\"potentialAction\":[{\"@type\":\"SearchAction\",\"target\":{\"@type\":\"EntryPoint\",\"urlTemplate\":\"https:\/\/wds.ro\/?s={search_term_string}\"},\"query-input\":{\"@type\":\"PropertyValueSpecification\",\"valueRequired\":true,\"valueName\":\"search_term_string\"}}],\"inLanguage\":\"en\"},{\"@type\":\"Organization\",\"@id\":\"https:\/\/wds.ro\/#organization\",\"name\":\"\u0412\u0456\u043a\u043d\u0430 WDS\",\"url\":\"https:\/\/wds.ro\/\",\"logo\":{\"@type\":\"ImageObject\",\"inLanguage\":\"en\",\"@id\":\"https:\/\/wds.ro\/#\/schema\/logo\/image\/\",\"url\":\"https:\/\/wds.ro\/wp-content\/uploads\/2019\/10\/wds-logo.png\",\"contentUrl\":\"https:\/\/wds.ro\/wp-content\/uploads\/2019\/10\/wds-logo.png\",\"width\":103,\"height\":25,\"caption\":\"\u0412\u0456\u043a\u043d\u0430 WDS\"},\"image\":{\"@id\":\"https:\/\/wds.ro\/#\/schema\/logo\/image\/\"},\"sameAs\":[\"https:\/\/www.facebook.com\/WDS.UA\/\",\"https:\/\/youtube.com\/channel\/UCz8_fq9IcMvjXug_RM5m3dQ\/\"]}]}<\/script>\n<!-- \/ Yoast SEO plugin. -->","yoast_head_json":{"title":"WDS Color - WDS site","description":"WDS Color laminated windows with double-sided, external or internal lamination. A wide selection of trendy colors and textures: Golden Oak, Walnut, Bleached Oak, Anthracite and others. The color of the profile in double-sided lamination is combined with the color of the lamination film. The full palette and examples of windows in lamination are presented on the website.","robots":{"index":"index","follow":"follow","max-snippet":"max-snippet:-1","max-image-preview":"max-image-preview:large","max-video-preview":"max-video-preview:-1"},"canonical":"https:\/\/wds.ro\/laminate\/","og_locale":"en_US","og_type":"article","og_title":"WDS Color - WDS site","og_description":"WDS Color laminated windows with double-sided, external or internal lamination. A wide selection of trendy colors and textures: Golden Oak, Walnut, Bleached Oak, Anthracite and others. The color of the profile in double-sided lamination is combined with the color of the lamination film. The full palette and examples of windows in lamination are presented on the website.","og_url":"https:\/\/wds.ro\/laminate\/","og_site_name":"WDS site","article_publisher":"https:\/\/www.facebook.com\/WDS.UA\/","article_modified_time":"2025-11-21T07:56:23+00:00","twitter_card":"summary_large_image","schema":{"@context":"https:\/\/schema.org","@graph":[{"@type":"WebPage","@id":"https:\/\/wds.ro\/laminate\/","url":"https:\/\/wds.ro\/laminate\/","name":"[:ua]WDS Color | WDS site [:ro]Ferestre laminate WDS Color - WDS site [:en]WDS Color - WDS site [:]","isPartOf":{"@id":"https:\/\/wds.ro\/#website"},"datePublished":"2018-08-07T11:49:23+00:00","dateModified":"2025-11-21T07:56:23+00:00","description":"{:ua}\u041b\u0430\u043c\u0456\u043d\u043e\u0432\u0430\u043d\u0456 \u0432\u0456\u043a\u043d\u0430 WDS Color \u0437 \u0434\u0432\u043e\u0431\u0456\u0447\u043d\u043e\u044e, \u0437\u043e\u0432\u043d\u0456\u0448\u043d\u044c\u043e\u044e \u0430\u0431\u043e \u0432\u043d\u0443\u0442\u0440\u0456\u0448\u043d\u044c\u043e\u044e \u043b\u0430\u043c\u0456\u043d\u0430\u0446\u0456\u0454\u044e. \u0428\u0438\u0440\u043e\u043a\u0438\u0439 \u0432\u0438\u0431\u0456\u0440 \u0442\u0440\u0435\u043d\u0434\u043e\u0432\u0438\u0445 \u043a\u043e\u043b\u044c\u043e\u0440\u0456\u0432 \u0442\u0430 \u0444\u0430\u043a\u0442\u0443\u0440: \u0417\u043e\u043b\u043e\u0442\u0438\u0439 \u0434\u0443\u0431, \u0413\u043e\u0440\u0456\u0445, \u0411\u0456\u043b\u0435\u043d\u0438\u0439 \u0434\u0443\u0431, \u0410\u043d\u0442\u0440\u0430\u0446\u0438\u0442 \u0442\u0430 \u0456\u043d\u0448\u0456. \u041a\u043e\u043b\u0456\u0440 \u043f\u0440\u043e\u0444\u0456\u043b\u044e \u0443 \u0434\u0432\u043e\u0431\u0456\u0447\u043d\u0456\u0439 \u043b\u0430\u043c\u0456\u043d\u0430\u0446\u0456\u0457 \u043f\u043e\u0454\u0434\u043d\u0443\u0454\u0442\u044c\u0441\u044f \u0437 \u043a\u043e\u043b\u044c\u043e\u0440\u043e\u043c \u043b\u0430\u043c\u0456\u043d\u0430\u0446\u0456\u0439\u043d\u043e\u0457 \u043f\u043b\u0456\u0432\u043a\u0438. \u041f\u043e\u0432\u043d\u0430 \u043f\u0430\u043b\u0456\u0442\u0440\u0430 \u0442\u0430 \u043f\u0440\u0438\u043a\u043b\u0430\u0434\u0438 \u0432\u0456\u043a\u043e\u043d \u0443 \u043b\u0430\u043c\u0456\u043d\u0430\u0446\u0456\u0457 \u043f\u0440\u0435\u0434\u0441\u0442\u0430\u0432\u043b\u0435\u043d\u0456 \u043d\u0430 \u0441\u0430\u0439\u0442\u0456.{:ro}Ferestre laminate WDS Color cu laminare fa\u021b\u0103-verso, exterioar\u0103 sau interioar\u0103. O gam\u0103 larg\u0103 de culori \u0219i texturi la mod\u0103: Stejar Auriu, Nuc, Stejar Albit, Antracit \u0219i altele. Culoarea profilului \u00een laminarea fa\u021b\u0103-verso este combinat\u0103 cu culoarea foliei de laminare. Paleta complet\u0103 \u0219i exemple de ferestre laminate sunt prezentate pe site.{:en}WDS Color laminated windows with double-sided, external or internal lamination. A wide selection of trendy colors and textures: Golden Oak, Walnut, Bleached Oak, Anthracite and others. The color of the profile in double-sided lamination is combined with the color of the lamination film. The full palette and examples of windows in lamination are presented on the website.{:}","breadcrumb":{"@id":"https:\/\/wds.ro\/laminate\/#breadcrumb"},"inLanguage":"en","potentialAction":[{"@type":"ReadAction","target":["https:\/\/wds.ro\/laminate\/"]}]},{"@type":"BreadcrumbList","@id":"https:\/\/wds.ro\/laminate\/#breadcrumb","itemListElement":[{"@type":"ListItem","position":1,"name":"\u0413\u043e\u043b\u043e\u0432\u043d\u0430","item":"https:\/\/wds.ro\/"},{"@type":"ListItem","position":2,"name":"\u041b\u0430\u043c\u0456\u043d\u043e\u0432\u0430\u043d\u0456 \u0432\u0456\u043a\u043d\u0430 WDS Color"}]},{"@type":"WebSite","@id":"https:\/\/wds.ro\/#website","url":"https:\/\/wds.ro\/","name":"WDS Site","description":"Official site","publisher":{"@id":"https:\/\/wds.ro\/#organization"},"potentialAction":[{"@type":"SearchAction","target":{"@type":"EntryPoint","urlTemplate":"https:\/\/wds.ro\/?s={search_term_string}"},"query-input":{"@type":"PropertyValueSpecification","valueRequired":true,"valueName":"search_term_string"}}],"inLanguage":"en"},{"@type":"Organization","@id":"https:\/\/wds.ro\/#organization","name":"\u0412\u0456\u043a\u043d\u0430 WDS","url":"https:\/\/wds.ro\/","logo":{"@type":"ImageObject","inLanguage":"en","@id":"https:\/\/wds.ro\/#\/schema\/logo\/image\/","url":"https:\/\/wds.ro\/wp-content\/uploads\/2019\/10\/wds-logo.png","contentUrl":"https:\/\/wds.ro\/wp-content\/uploads\/2019\/10\/wds-logo.png","width":103,"height":25,"caption":"\u0412\u0456\u043a\u043d\u0430 WDS"},"image":{"@id":"https:\/\/wds.ro\/#\/schema\/logo\/image\/"},"sameAs":["https:\/\/www.facebook.com\/WDS.UA\/","https:\/\/youtube.com\/channel\/UCz8_fq9IcMvjXug_RM5m3dQ\/"]}]}},"_links":{"self":[{"href":"https:\/\/wds.ro\/en\/wp-json\/wp\/v2\/pages\/17","targetHints":{"allow":["GET"]}}],"collection":[{"href":"https:\/\/wds.ro\/en\/wp-json\/wp\/v2\/pages"}],"about":[{"href":"https:\/\/wds.ro\/en\/wp-json\/wp\/v2\/types\/page"}],"author":[{"embeddable":true,"href":"https:\/\/wds.ro\/en\/wp-json\/wp\/v2\/users\/1"}],"replies":[{"embeddable":true,"href":"https:\/\/wds.ro\/en\/wp-json\/wp\/v2\/comments?post=17"}],"version-history":[{"count":1,"href":"https:\/\/wds.ro\/en\/wp-json\/wp\/v2\/pages\/17\/revisions"}],"predecessor-version":[{"id":7021,"href":"https:\/\/wds.ro\/en\/wp-json\/wp\/v2\/pages\/17\/revisions\/7021"}],"wp:attachment":[{"href":"https:\/\/wds.ro\/en\/wp-json\/wp\/v2\/media?parent=17"}],"curies":[{"name":"wp","href":"https:\/\/api.w.org\/{rel}","templated":true}]}}