{"id":13,"date":"2018-08-07T14:49:05","date_gmt":"2018-08-07T11:49:05","guid":{"rendered":"https:\/\/wds.ua\/\/?page_id=13"},"modified":"2026-04-16T02:02:56","modified_gmt":"2026-04-15T23:02:56","slug":"door","status":"publish","type":"page","link":"https:\/\/wds.ro\/en\/door\/","title":{"rendered":"WDS Doors"},"content":{"rendered":"","protected":false},"excerpt":{"rendered":"","protected":false},"author":1,"featured_media":0,"parent":0,"menu_order":0,"comment_status":"closed","ping_status":"closed","template":"page-door.php","meta":{"footnotes":""},"class_list":["post-13","page","type-page","status-publish","hentry"],"yoast_head":"<!-- This site is optimized with the Yoast SEO plugin v24.8 - https:\/\/yoast.com\/wordpress\/plugins\/seo\/ -->\n<title>Doors WDS - WDS site<\/title>\n<meta name=\"description\" content=\"Entrance and interior plastic doors WDS. Different opening options. Reliable protection against blowing, the option of equipping with a &quot;warm&quot; threshold and reinforced construction. Contacts of WDS salons in your city.\" \/>\n<meta name=\"robots\" content=\"index, follow, max-snippet:-1, max-image-preview:large, max-video-preview:-1\" \/>\n<link rel=\"canonical\" href=\"https:\/\/wds.ro\/door\/\" \/>\n<meta property=\"og:locale\" content=\"en_US\" \/>\n<meta property=\"og:type\" content=\"article\" \/>\n<meta property=\"og:title\" content=\"Doors WDS - WDS site\" \/>\n<meta property=\"og:description\" content=\"Entrance and interior plastic doors WDS. Different opening options. Reliable protection against blowing, the option of equipping with a &quot;warm&quot; threshold and reinforced construction. Contacts of WDS salons in your city.\" \/>\n<meta property=\"og:url\" content=\"https:\/\/wds.ro\/door\/\" \/>\n<meta property=\"og:site_name\" content=\"WDS site\" \/>\n<meta property=\"article:publisher\" content=\"https:\/\/www.facebook.com\/WDS.UA\/\" \/>\n<meta property=\"article:modified_time\" content=\"2026-04-15T23:02:56+00:00\" \/>\n<meta name=\"twitter:card\" content=\"summary_large_image\" \/>\n<script type=\"application\/ld+json\" class=\"yoast-schema-graph\">{\"@context\":\"https:\/\/schema.org\",\"@graph\":[{\"@type\":\"WebPage\",\"@id\":\"https:\/\/wds.ro\/door\/\",\"url\":\"https:\/\/wds.ro\/door\/\",\"name\":\"[:ua]WDS Doors | WDS site [:ro]U\u0219i WDS - WDS site [:en]Doors WDS - WDS site [:]\",\"isPartOf\":{\"@id\":\"https:\/\/wds.ro\/#website\"},\"datePublished\":\"2018-08-07T11:49:05+00:00\",\"dateModified\":\"2026-04-15T23:02:56+00:00\",\"description\":\"{:ua}\u0412\u0445\u0456\u0434\u043d\u0456 \u0442\u0430 \u043c\u0456\u0436\u043a\u0456\u043c\u043d\u0430\u0442\u043d\u0456 \u043f\u043b\u0430\u0441\u0442\u0438\u043a\u043e\u0432\u0456 \u0434\u0432\u0435\u0440\u0456 WDS. \u0420\u0456\u0437\u043d\u0456 \u0432\u0430\u0440\u0456\u0430\u043d\u0442\u0438 \u0432\u0456\u0434\u043a\u0440\u0438\u0432\u0430\u043d\u043d\u044f. \u041d\u0430\u0434\u0456\u0439\u043d\u0438\u0439 \u0437\u0430\u0445\u0438\u0441\u0442 \u0432\u0456\u0434 \u043f\u0440\u043e\u0434\u0443\u0432\u0430\u043d\u044c, \u043c\u043e\u0436\u043b\u0438\u0432\u0456\u0441\u0442\u044c \u043a\u043e\u043c\u043f\u043b\u0435\u043a\u0442\u0430\u0446\u0456\u0457 \u00ab\u0442\u0435\u043f\u043b\u0438\u043c\u00bb \u043f\u043e\u0440\u043e\u0433\u043e\u043c \u0442\u0430 \u043f\u043e\u0441\u0438\u043b\u0435\u043d\u0430 \u043a\u043e\u043d\u0441\u0442\u0440\u0443\u043a\u0446\u0456\u044f. \u041a\u043e\u043d\u0442\u0430\u043a\u0442\u0438 \u0441\u0430\u043b\u043e\u043d\u0456\u0432 WDS \u0443 \u0432\u0430\u0448\u043e\u043c\u0443 \u043c\u0456\u0441\u0442\u0456.{:ro}U\u0219i de intrare \u0219i interioare din plastic WDS. Diferite op\u021biuni de deschidere. Protec\u021bie fiabil\u0103 \u00eempotriva v\u00e2nturilor, op\u021biunea de dotare cu un prag \u201ecald\u201d \u0219i construc\u021bie ranforsat\u0103. Contacte ale saloanelor WDS din ora\u0219ul dumneavoastr\u0103.{:en}Entrance and interior plastic doors WDS. Different opening options. Reliable protection against blowing, the option of equipping with a \\\"warm\\\" threshold and reinforced construction. Contacts of WDS salons in your city.{:}\",\"breadcrumb\":{\"@id\":\"https:\/\/wds.ro\/door\/#breadcrumb\"},\"inLanguage\":\"en\",\"potentialAction\":[{\"@type\":\"ReadAction\",\"target\":[\"https:\/\/wds.ro\/door\/\"]}]},{\"@type\":\"BreadcrumbList\",\"@id\":\"https:\/\/wds.ro\/door\/#breadcrumb\",\"itemListElement\":[{\"@type\":\"ListItem\",\"position\":1,\"name\":\"\u0413\u043e\u043b\u043e\u0432\u043d\u0430\",\"item\":\"https:\/\/wds.ro\/\"},{\"@type\":\"ListItem\",\"position\":2,\"name\":\"WDS \u0434\u0432\u0435\u0440\u0456\"}]},{\"@type\":\"WebSite\",\"@id\":\"https:\/\/wds.ro\/#website\",\"url\":\"https:\/\/wds.ro\/\",\"name\":\"WDS Site\",\"description\":\"Official site\",\"publisher\":{\"@id\":\"https:\/\/wds.ro\/#organization\"},\"potentialAction\":[{\"@type\":\"SearchAction\",\"target\":{\"@type\":\"EntryPoint\",\"urlTemplate\":\"https:\/\/wds.ro\/?s={search_term_string}\"},\"query-input\":{\"@type\":\"PropertyValueSpecification\",\"valueRequired\":true,\"valueName\":\"search_term_string\"}}],\"inLanguage\":\"en\"},{\"@type\":\"Organization\",\"@id\":\"https:\/\/wds.ro\/#organization\",\"name\":\"\u0412\u0456\u043a\u043d\u0430 WDS\",\"url\":\"https:\/\/wds.ro\/\",\"logo\":{\"@type\":\"ImageObject\",\"inLanguage\":\"en\",\"@id\":\"https:\/\/wds.ro\/#\/schema\/logo\/image\/\",\"url\":\"https:\/\/wds.ro\/wp-content\/uploads\/2019\/10\/wds-logo.png\",\"contentUrl\":\"https:\/\/wds.ro\/wp-content\/uploads\/2019\/10\/wds-logo.png\",\"width\":103,\"height\":25,\"caption\":\"\u0412\u0456\u043a\u043d\u0430 WDS\"},\"image\":{\"@id\":\"https:\/\/wds.ro\/#\/schema\/logo\/image\/\"},\"sameAs\":[\"https:\/\/www.facebook.com\/WDS.UA\/\",\"https:\/\/youtube.com\/channel\/UCz8_fq9IcMvjXug_RM5m3dQ\/\"]}]}<\/script>\n<!-- \/ Yoast SEO plugin. -->","yoast_head_json":{"title":"Doors WDS - WDS site","description":"Entrance and interior plastic doors WDS. Different opening options. Reliable protection against blowing, the option of equipping with a \"warm\" threshold and reinforced construction. Contacts of WDS salons in your city.","robots":{"index":"index","follow":"follow","max-snippet":"max-snippet:-1","max-image-preview":"max-image-preview:large","max-video-preview":"max-video-preview:-1"},"canonical":"https:\/\/wds.ro\/door\/","og_locale":"en_US","og_type":"article","og_title":"Doors WDS - WDS site","og_description":"Entrance and interior plastic doors WDS. Different opening options. Reliable protection against blowing, the option of equipping with a \"warm\" threshold and reinforced construction. Contacts of WDS salons in your city.","og_url":"https:\/\/wds.ro\/door\/","og_site_name":"WDS site","article_publisher":"https:\/\/www.facebook.com\/WDS.UA\/","article_modified_time":"2026-04-15T23:02:56+00:00","twitter_card":"summary_large_image","schema":{"@context":"https:\/\/schema.org","@graph":[{"@type":"WebPage","@id":"https:\/\/wds.ro\/door\/","url":"https:\/\/wds.ro\/door\/","name":"[:ua]WDS Doors | WDS site [:ro]U\u0219i WDS - WDS site [:en]Doors WDS - WDS site [:]","isPartOf":{"@id":"https:\/\/wds.ro\/#website"},"datePublished":"2018-08-07T11:49:05+00:00","dateModified":"2026-04-15T23:02:56+00:00","description":"{:ua}\u0412\u0445\u0456\u0434\u043d\u0456 \u0442\u0430 \u043c\u0456\u0436\u043a\u0456\u043c\u043d\u0430\u0442\u043d\u0456 \u043f\u043b\u0430\u0441\u0442\u0438\u043a\u043e\u0432\u0456 \u0434\u0432\u0435\u0440\u0456 WDS. \u0420\u0456\u0437\u043d\u0456 \u0432\u0430\u0440\u0456\u0430\u043d\u0442\u0438 \u0432\u0456\u0434\u043a\u0440\u0438\u0432\u0430\u043d\u043d\u044f. \u041d\u0430\u0434\u0456\u0439\u043d\u0438\u0439 \u0437\u0430\u0445\u0438\u0441\u0442 \u0432\u0456\u0434 \u043f\u0440\u043e\u0434\u0443\u0432\u0430\u043d\u044c, \u043c\u043e\u0436\u043b\u0438\u0432\u0456\u0441\u0442\u044c \u043a\u043e\u043c\u043f\u043b\u0435\u043a\u0442\u0430\u0446\u0456\u0457 \u00ab\u0442\u0435\u043f\u043b\u0438\u043c\u00bb \u043f\u043e\u0440\u043e\u0433\u043e\u043c \u0442\u0430 \u043f\u043e\u0441\u0438\u043b\u0435\u043d\u0430 \u043a\u043e\u043d\u0441\u0442\u0440\u0443\u043a\u0446\u0456\u044f. \u041a\u043e\u043d\u0442\u0430\u043a\u0442\u0438 \u0441\u0430\u043b\u043e\u043d\u0456\u0432 WDS \u0443 \u0432\u0430\u0448\u043e\u043c\u0443 \u043c\u0456\u0441\u0442\u0456.{:ro}U\u0219i de intrare \u0219i interioare din plastic WDS. Diferite op\u021biuni de deschidere. Protec\u021bie fiabil\u0103 \u00eempotriva v\u00e2nturilor, op\u021biunea de dotare cu un prag \u201ecald\u201d \u0219i construc\u021bie ranforsat\u0103. Contacte ale saloanelor WDS din ora\u0219ul dumneavoastr\u0103.{:en}Entrance and interior plastic doors WDS. Different opening options. Reliable protection against blowing, the option of equipping with a \"warm\" threshold and reinforced construction. Contacts of WDS salons in your city.{:}","breadcrumb":{"@id":"https:\/\/wds.ro\/door\/#breadcrumb"},"inLanguage":"en","potentialAction":[{"@type":"ReadAction","target":["https:\/\/wds.ro\/door\/"]}]},{"@type":"BreadcrumbList","@id":"https:\/\/wds.ro\/door\/#breadcrumb","itemListElement":[{"@type":"ListItem","position":1,"name":"\u0413\u043e\u043b\u043e\u0432\u043d\u0430","item":"https:\/\/wds.ro\/"},{"@type":"ListItem","position":2,"name":"WDS \u0434\u0432\u0435\u0440\u0456"}]},{"@type":"WebSite","@id":"https:\/\/wds.ro\/#website","url":"https:\/\/wds.ro\/","name":"WDS Site","description":"Official site","publisher":{"@id":"https:\/\/wds.ro\/#organization"},"potentialAction":[{"@type":"SearchAction","target":{"@type":"EntryPoint","urlTemplate":"https:\/\/wds.ro\/?s={search_term_string}"},"query-input":{"@type":"PropertyValueSpecification","valueRequired":true,"valueName":"search_term_string"}}],"inLanguage":"en"},{"@type":"Organization","@id":"https:\/\/wds.ro\/#organization","name":"\u0412\u0456\u043a\u043d\u0430 WDS","url":"https:\/\/wds.ro\/","logo":{"@type":"ImageObject","inLanguage":"en","@id":"https:\/\/wds.ro\/#\/schema\/logo\/image\/","url":"https:\/\/wds.ro\/wp-content\/uploads\/2019\/10\/wds-logo.png","contentUrl":"https:\/\/wds.ro\/wp-content\/uploads\/2019\/10\/wds-logo.png","width":103,"height":25,"caption":"\u0412\u0456\u043a\u043d\u0430 WDS"},"image":{"@id":"https:\/\/wds.ro\/#\/schema\/logo\/image\/"},"sameAs":["https:\/\/www.facebook.com\/WDS.UA\/","https:\/\/youtube.com\/channel\/UCz8_fq9IcMvjXug_RM5m3dQ\/"]}]}},"_links":{"self":[{"href":"https:\/\/wds.ro\/en\/wp-json\/wp\/v2\/pages\/13","targetHints":{"allow":["GET"]}}],"collection":[{"href":"https:\/\/wds.ro\/en\/wp-json\/wp\/v2\/pages"}],"about":[{"href":"https:\/\/wds.ro\/en\/wp-json\/wp\/v2\/types\/page"}],"author":[{"embeddable":true,"href":"https:\/\/wds.ro\/en\/wp-json\/wp\/v2\/users\/1"}],"replies":[{"embeddable":true,"href":"https:\/\/wds.ro\/en\/wp-json\/wp\/v2\/comments?post=13"}],"version-history":[{"count":1,"href":"https:\/\/wds.ro\/en\/wp-json\/wp\/v2\/pages\/13\/revisions"}],"predecessor-version":[{"id":7060,"href":"https:\/\/wds.ro\/en\/wp-json\/wp\/v2\/pages\/13\/revisions\/7060"}],"wp:attachment":[{"href":"https:\/\/wds.ro\/en\/wp-json\/wp\/v2\/media?parent=13"}],"curies":[{"name":"wp","href":"https:\/\/api.w.org\/{rel}","templated":true}]}}